{"id":239,"date":"2026-02-10T09:48:53","date_gmt":"2026-02-10T08:48:53","guid":{"rendered":"https:\/\/trusty-projet.fr\/jenile_website\/?post_type=product&#038;p=239"},"modified":"2026-03-23T10:14:54","modified_gmt":"2026-03-23T09:14:54","slug":"video-portail","status":"publish","type":"product","link":"https:\/\/trusty-projet.fr\/jenile_website\/produit\/video-portail\/","title":{"rendered":"Vid\u00e9o portail"},"content":{"rendered":"<p>Le vid\u00e9o-portail se fixe directement sur le portail d\u2019une maison. Il comprend un \u00e9metteur de sonnette ainsi qu\u2019un \u00e9cran : la sonnerie est transmise aux r\u00e9cepteurs flashs et vibrants. Un \u00e9cran est install\u00e9 pr\u00e9s de la porte pour voir qui se trouve au portail de la maison.<\/p>\n<p>Enregistreur vid\u00e9o.<\/p>\n","protected":false},"excerpt":{"rendered":"<p>Le vid\u00e9o-portail se fixe directement sur le portail d\u2019une maison. Il comprend un \u00e9metteur de sonnette ainsi qu\u2019un \u00e9cran : la sonnerie est transmise aux r\u00e9cepteurs flashs et vibrants. Un \u00e9cran est install\u00e9 pr\u00e9s de la porte pour voir qui se trouve au portail de la maison.<\/p>\n<p>Enregistreur vid\u00e9o.<\/p>\n","protected":false},"featured_media":159,"comment_status":"open","ping_status":"closed","template":"","meta":[],"product_brand":[],"product_cat":[21,16],"product_tag":[],"class_list":{"0":"post-239","1":"product","2":"type-product","3":"status-publish","4":"has-post-thumbnail","6":"product_cat-sonnettes","7":"product_cat-tous","9":"first","10":"instock","11":"taxable","12":"shipping-taxable","13":"purchasable","14":"product-type-simple"},"_links":{"self":[{"href":"https:\/\/trusty-projet.fr\/jenile_website\/wp-json\/wp\/v2\/product\/239","targetHints":{"allow":["GET"]}}],"collection":[{"href":"https:\/\/trusty-projet.fr\/jenile_website\/wp-json\/wp\/v2\/product"}],"about":[{"href":"https:\/\/trusty-projet.fr\/jenile_website\/wp-json\/wp\/v2\/types\/product"}],"replies":[{"embeddable":true,"href":"https:\/\/trusty-projet.fr\/jenile_website\/wp-json\/wp\/v2\/comments?post=239"}],"wp:featuredmedia":[{"embeddable":true,"href":"https:\/\/trusty-projet.fr\/jenile_website\/wp-json\/wp\/v2\/media\/159"}],"wp:attachment":[{"href":"https:\/\/trusty-projet.fr\/jenile_website\/wp-json\/wp\/v2\/media?parent=239"}],"wp:term":[{"taxonomy":"product_brand","embeddable":true,"href":"https:\/\/trusty-projet.fr\/jenile_website\/wp-json\/wp\/v2\/product_brand?post=239"},{"taxonomy":"product_cat","embeddable":true,"href":"https:\/\/trusty-projet.fr\/jenile_website\/wp-json\/wp\/v2\/product_cat?post=239"},{"taxonomy":"product_tag","embeddable":true,"href":"https:\/\/trusty-projet.fr\/jenile_website\/wp-json\/wp\/v2\/product_tag?post=239"}],"curies":[{"name":"wp","href":"https:\/\/api.w.org\/{rel}","templated":true}]}}