{"id":238,"date":"2026-02-10T09:48:18","date_gmt":"2026-02-10T08:48:18","guid":{"rendered":"https:\/\/trusty-projet.fr\/jenile_website\/?post_type=product&#038;p=238"},"modified":"2026-03-23T10:12:04","modified_gmt":"2026-03-23T09:12:04","slug":"vibreur-de-poche-sans-fil-emetteur-dappels","status":"publish","type":"product","link":"https:\/\/trusty-projet.fr\/jenile_website\/produit\/vibreur-de-poche-sans-fil-emetteur-dappels\/","title":{"rendered":"Vibreur de poche sans fil + \u00e9metteur d&rsquo;appels"},"content":{"rendered":"<p>R\u00e9ceptionne des signaux de s\u00e9curit\u00e9 domotique. 4 rythmes de vibrations et 3 couleurs pour indiquer les sources d&rsquo;alertes.<\/p>\n<p>R\u00e9ceptionne les appels visio pc. Ce produit est adapt\u00e9 aux personnes sourdes malvoyantes.<\/p>\n","protected":false},"excerpt":{"rendered":"<p>R\u00e9ceptionne des signaux de s\u00e9curit\u00e9 domotique. 4 rythmes de vibrations et 3 couleurs pour indiquer les sources d&rsquo;alertes.<\/p>\n<p>R\u00e9ceptionne les appels visio pc. Ce produit est adapt\u00e9 aux personnes sourdes malvoyantes.<\/p>\n","protected":false},"featured_media":135,"comment_status":"open","ping_status":"closed","template":"","meta":[],"product_brand":[],"product_cat":[22,16],"product_tag":[],"class_list":{"0":"post-238","1":"product","2":"type-product","3":"status-publish","4":"has-post-thumbnail","6":"product_cat-avertisseurs","7":"product_cat-tous","9":"first","10":"instock","11":"taxable","12":"shipping-taxable","13":"purchasable","14":"product-type-simple"},"_links":{"self":[{"href":"https:\/\/trusty-projet.fr\/jenile_website\/wp-json\/wp\/v2\/product\/238","targetHints":{"allow":["GET"]}}],"collection":[{"href":"https:\/\/trusty-projet.fr\/jenile_website\/wp-json\/wp\/v2\/product"}],"about":[{"href":"https:\/\/trusty-projet.fr\/jenile_website\/wp-json\/wp\/v2\/types\/product"}],"replies":[{"embeddable":true,"href":"https:\/\/trusty-projet.fr\/jenile_website\/wp-json\/wp\/v2\/comments?post=238"}],"wp:featuredmedia":[{"embeddable":true,"href":"https:\/\/trusty-projet.fr\/jenile_website\/wp-json\/wp\/v2\/media\/135"}],"wp:attachment":[{"href":"https:\/\/trusty-projet.fr\/jenile_website\/wp-json\/wp\/v2\/media?parent=238"}],"wp:term":[{"taxonomy":"product_brand","embeddable":true,"href":"https:\/\/trusty-projet.fr\/jenile_website\/wp-json\/wp\/v2\/product_brand?post=238"},{"taxonomy":"product_cat","embeddable":true,"href":"https:\/\/trusty-projet.fr\/jenile_website\/wp-json\/wp\/v2\/product_cat?post=238"},{"taxonomy":"product_tag","embeddable":true,"href":"https:\/\/trusty-projet.fr\/jenile_website\/wp-json\/wp\/v2\/product_tag?post=238"}],"curies":[{"name":"wp","href":"https:\/\/api.w.org\/{rel}","templated":true}]}}