{"id":237,"date":"2026-02-10T09:47:19","date_gmt":"2026-02-10T08:47:19","guid":{"rendered":"https:\/\/trusty-projet.fr\/jenile_website\/?post_type=product&#038;p=237"},"modified":"2026-03-23T10:11:22","modified_gmt":"2026-03-23T09:11:22","slug":"vibreur-de-poche","status":"publish","type":"product","link":"https:\/\/trusty-projet.fr\/jenile_website\/produit\/vibreur-de-poche\/","title":{"rendered":"Vibreur de poche"},"content":{"rendered":"<p>Le vibreur de poche r\u00e9ceptionne toutes les alertes provenants des \u00e9metteurs Jenile. 4 Rythmes de vibrations associ\u00e9s \u00e0 4 couleurs pour indiquer la provenance de l\u2019alerte. Ce produit est adapt\u00e9 aux personnes sourdes malvoyantes.<\/p>\n","protected":false},"excerpt":{"rendered":"<p>Le vibreur de poche r\u00e9ceptionne toutes les alertes provenants des \u00e9metteurs Jenile. 4 Rythmes de vibrations associ\u00e9s \u00e0 4 couleurs pour indiquer la provenance de l\u2019alerte. Ce produit est adapt\u00e9 aux personnes sourdes malvoyantes.<\/p>\n","protected":false},"featured_media":132,"comment_status":"open","ping_status":"closed","template":"","meta":[],"product_brand":[],"product_cat":[22,16],"product_tag":[],"class_list":{"0":"post-237","1":"product","2":"type-product","3":"status-publish","4":"has-post-thumbnail","6":"product_cat-avertisseurs","7":"product_cat-tous","9":"first","10":"instock","11":"taxable","12":"shipping-taxable","13":"purchasable","14":"product-type-simple"},"_links":{"self":[{"href":"https:\/\/trusty-projet.fr\/jenile_website\/wp-json\/wp\/v2\/product\/237","targetHints":{"allow":["GET"]}}],"collection":[{"href":"https:\/\/trusty-projet.fr\/jenile_website\/wp-json\/wp\/v2\/product"}],"about":[{"href":"https:\/\/trusty-projet.fr\/jenile_website\/wp-json\/wp\/v2\/types\/product"}],"replies":[{"embeddable":true,"href":"https:\/\/trusty-projet.fr\/jenile_website\/wp-json\/wp\/v2\/comments?post=237"}],"wp:featuredmedia":[{"embeddable":true,"href":"https:\/\/trusty-projet.fr\/jenile_website\/wp-json\/wp\/v2\/media\/132"}],"wp:attachment":[{"href":"https:\/\/trusty-projet.fr\/jenile_website\/wp-json\/wp\/v2\/media?parent=237"}],"wp:term":[{"taxonomy":"product_brand","embeddable":true,"href":"https:\/\/trusty-projet.fr\/jenile_website\/wp-json\/wp\/v2\/product_brand?post=237"},{"taxonomy":"product_cat","embeddable":true,"href":"https:\/\/trusty-projet.fr\/jenile_website\/wp-json\/wp\/v2\/product_cat?post=237"},{"taxonomy":"product_tag","embeddable":true,"href":"https:\/\/trusty-projet.fr\/jenile_website\/wp-json\/wp\/v2\/product_tag?post=237"}],"curies":[{"name":"wp","href":"https:\/\/api.w.org\/{rel}","templated":true}]}}