{"id":236,"date":"2026-02-10T09:46:45","date_gmt":"2026-02-10T08:46:45","guid":{"rendered":"https:\/\/trusty-projet.fr\/jenile_website\/?post_type=product&#038;p=236"},"modified":"2026-03-23T10:10:34","modified_gmt":"2026-03-23T09:10:34","slug":"sonnette-de-porte-etanche","status":"publish","type":"product","link":"https:\/\/trusty-projet.fr\/jenile_website\/produit\/sonnette-de-porte-etanche\/","title":{"rendered":"Sonnette de porte \u00e9tanche"},"content":{"rendered":"<p>Cette sonnette permet \u00e0 l\u2019utilisateur d&rsquo;\u00eatre pr\u00e9venu par les r\u00e9cepteurs Jenile lorsqu\u2019une personne sonne \u00e0 la porte.<\/p>\n<p>Indispensable pour les maisons, aucun risque d&rsquo;oxydation. Compatible \u00e0 un usage externe.<\/p>\n","protected":false},"excerpt":{"rendered":"<p>Cette sonnette permet \u00e0 l\u2019utilisateur d&rsquo;\u00eatre pr\u00e9venu par les r\u00e9cepteurs Jenile lorsqu\u2019une personne sonne \u00e0 la porte.<\/p>\n<p>Indispensable pour les maisons, aucun risque d&rsquo;oxydation. Compatible \u00e0 un usage externe.<\/p>\n","protected":false},"featured_media":158,"comment_status":"open","ping_status":"closed","template":"","meta":[],"product_brand":[],"product_cat":[21,16],"product_tag":[],"class_list":{"0":"post-236","1":"product","2":"type-product","3":"status-publish","4":"has-post-thumbnail","6":"product_cat-sonnettes","7":"product_cat-tous","9":"first","10":"instock","11":"taxable","12":"shipping-taxable","13":"purchasable","14":"product-type-simple"},"_links":{"self":[{"href":"https:\/\/trusty-projet.fr\/jenile_website\/wp-json\/wp\/v2\/product\/236","targetHints":{"allow":["GET"]}}],"collection":[{"href":"https:\/\/trusty-projet.fr\/jenile_website\/wp-json\/wp\/v2\/product"}],"about":[{"href":"https:\/\/trusty-projet.fr\/jenile_website\/wp-json\/wp\/v2\/types\/product"}],"replies":[{"embeddable":true,"href":"https:\/\/trusty-projet.fr\/jenile_website\/wp-json\/wp\/v2\/comments?post=236"}],"wp:featuredmedia":[{"embeddable":true,"href":"https:\/\/trusty-projet.fr\/jenile_website\/wp-json\/wp\/v2\/media\/158"}],"wp:attachment":[{"href":"https:\/\/trusty-projet.fr\/jenile_website\/wp-json\/wp\/v2\/media?parent=236"}],"wp:term":[{"taxonomy":"product_brand","embeddable":true,"href":"https:\/\/trusty-projet.fr\/jenile_website\/wp-json\/wp\/v2\/product_brand?post=236"},{"taxonomy":"product_cat","embeddable":true,"href":"https:\/\/trusty-projet.fr\/jenile_website\/wp-json\/wp\/v2\/product_cat?post=236"},{"taxonomy":"product_tag","embeddable":true,"href":"https:\/\/trusty-projet.fr\/jenile_website\/wp-json\/wp\/v2\/product_tag?post=236"}],"curies":[{"name":"wp","href":"https:\/\/api.w.org\/{rel}","templated":true}]}}