{"id":231,"date":"2026-02-10T09:45:08","date_gmt":"2026-02-10T08:45:08","guid":{"rendered":"https:\/\/trusty-projet.fr\/jenile_website\/?post_type=product&#038;p=231"},"modified":"2026-03-23T10:07:32","modified_gmt":"2026-03-23T09:07:32","slug":"reveil-lumineux-connecte-avec-coussin-vibrant","status":"publish","type":"product","link":"https:\/\/trusty-projet.fr\/jenile_website\/produit\/reveil-lumineux-connecte-avec-coussin-vibrant\/","title":{"rendered":"R\u00e9veil lumineux connect\u00e9 avec coussin vibrant"},"content":{"rendered":"<p>R\u00e9veil 2 en 1, il combine fonction r\u00e9veil et centralisation des alertes de vos r\u00e9cepteurs Jenile. Gr\u00e2ce \u00e0 ses pictogrammes clairs et son coussin vibrant, il vous r\u00e9veille et vous avertit en toute s\u00e9r\u00e9nit\u00e9, de jour comme de nuit.<\/p>\n","protected":false},"excerpt":{"rendered":"<p>R\u00e9veil 2 en 1, il combine fonction r\u00e9veil et centralisation des alertes de vos r\u00e9cepteurs Jenile. Gr\u00e2ce \u00e0 ses pictogrammes clairs et son coussin vibrant, il vous r\u00e9veille et vous avertit en toute s\u00e9r\u00e9nit\u00e9, de jour comme de nuit.<\/p>\n","protected":false},"featured_media":232,"comment_status":"open","ping_status":"closed","template":"","meta":[],"product_brand":[],"product_cat":[16,20],"product_tag":[],"class_list":{"0":"post-231","1":"product","2":"type-product","3":"status-publish","4":"has-post-thumbnail","6":"product_cat-tous","7":"product_cat-vie-pratique","9":"first","10":"instock","11":"taxable","12":"shipping-taxable","13":"purchasable","14":"product-type-simple"},"_links":{"self":[{"href":"https:\/\/trusty-projet.fr\/jenile_website\/wp-json\/wp\/v2\/product\/231","targetHints":{"allow":["GET"]}}],"collection":[{"href":"https:\/\/trusty-projet.fr\/jenile_website\/wp-json\/wp\/v2\/product"}],"about":[{"href":"https:\/\/trusty-projet.fr\/jenile_website\/wp-json\/wp\/v2\/types\/product"}],"replies":[{"embeddable":true,"href":"https:\/\/trusty-projet.fr\/jenile_website\/wp-json\/wp\/v2\/comments?post=231"}],"wp:featuredmedia":[{"embeddable":true,"href":"https:\/\/trusty-projet.fr\/jenile_website\/wp-json\/wp\/v2\/media\/232"}],"wp:attachment":[{"href":"https:\/\/trusty-projet.fr\/jenile_website\/wp-json\/wp\/v2\/media?parent=231"}],"wp:term":[{"taxonomy":"product_brand","embeddable":true,"href":"https:\/\/trusty-projet.fr\/jenile_website\/wp-json\/wp\/v2\/product_brand?post=231"},{"taxonomy":"product_cat","embeddable":true,"href":"https:\/\/trusty-projet.fr\/jenile_website\/wp-json\/wp\/v2\/product_cat?post=231"},{"taxonomy":"product_tag","embeddable":true,"href":"https:\/\/trusty-projet.fr\/jenile_website\/wp-json\/wp\/v2\/product_tag?post=231"}],"curies":[{"name":"wp","href":"https:\/\/api.w.org\/{rel}","templated":true}]}}