{"id":230,"date":"2026-02-10T09:43:37","date_gmt":"2026-02-10T08:43:37","guid":{"rendered":"https:\/\/trusty-projet.fr\/jenile_website\/?post_type=product&#038;p=230"},"modified":"2026-03-23T10:08:09","modified_gmt":"2026-03-23T09:08:09","slug":"reveil-lumineux-vibrant","status":"publish","type":"product","link":"https:\/\/trusty-projet.fr\/jenile_website\/produit\/reveil-lumineux-vibrant\/","title":{"rendered":"R\u00e9veil Lumineux Vibrant"},"content":{"rendered":"<p>Ce r\u00e9veil dispose de 3 r\u00e9glages : audio, vibrant et lumineux tricolore.<\/p>\n<p>Ce petit re\u0301veil portable est tr\u00e8s efficace avec ses vibrations puissantes. Il est sans fil et poss\u00e8de une batterie rechargeable. La fonction \u00absnooze\u00bb vous permet de r\u00e9p\u00e9ter l\u2019alarme. \u00c0 placer sous l\u2019oreiller !<\/p>\n","protected":false},"excerpt":{"rendered":"<p>Ce r\u00e9veil dispose de 3 r\u00e9glages : audio, vibrant et lumineux tricolore.<\/p>\n<p>Ce petit re\u0301veil portable est tr\u00e8s efficace avec ses vibrations puissantes. Il est sans fil et poss\u00e8de une batterie rechargeable. La fonction \u00absnooze\u00bb vous permet de r\u00e9p\u00e9ter l\u2019alarme. \u00c0 placer sous l\u2019oreiller !<\/p>\n","protected":false},"featured_media":115,"comment_status":"open","ping_status":"closed","template":"","meta":[],"product_brand":[],"product_cat":[16,20],"product_tag":[],"class_list":{"0":"post-230","1":"product","2":"type-product","3":"status-publish","4":"has-post-thumbnail","6":"product_cat-tous","7":"product_cat-vie-pratique","9":"first","10":"instock","11":"taxable","12":"shipping-taxable","13":"purchasable","14":"product-type-simple"},"_links":{"self":[{"href":"https:\/\/trusty-projet.fr\/jenile_website\/wp-json\/wp\/v2\/product\/230","targetHints":{"allow":["GET"]}}],"collection":[{"href":"https:\/\/trusty-projet.fr\/jenile_website\/wp-json\/wp\/v2\/product"}],"about":[{"href":"https:\/\/trusty-projet.fr\/jenile_website\/wp-json\/wp\/v2\/types\/product"}],"replies":[{"embeddable":true,"href":"https:\/\/trusty-projet.fr\/jenile_website\/wp-json\/wp\/v2\/comments?post=230"}],"wp:featuredmedia":[{"embeddable":true,"href":"https:\/\/trusty-projet.fr\/jenile_website\/wp-json\/wp\/v2\/media\/115"}],"wp:attachment":[{"href":"https:\/\/trusty-projet.fr\/jenile_website\/wp-json\/wp\/v2\/media?parent=230"}],"wp:term":[{"taxonomy":"product_brand","embeddable":true,"href":"https:\/\/trusty-projet.fr\/jenile_website\/wp-json\/wp\/v2\/product_brand?post=230"},{"taxonomy":"product_cat","embeddable":true,"href":"https:\/\/trusty-projet.fr\/jenile_website\/wp-json\/wp\/v2\/product_cat?post=230"},{"taxonomy":"product_tag","embeddable":true,"href":"https:\/\/trusty-projet.fr\/jenile_website\/wp-json\/wp\/v2\/product_tag?post=230"}],"curies":[{"name":"wp","href":"https:\/\/api.w.org\/{rel}","templated":true}]}}