{"id":229,"date":"2026-02-10T09:42:49","date_gmt":"2026-02-10T08:42:49","guid":{"rendered":"https:\/\/trusty-projet.fr\/jenile_website\/?post_type=product&#038;p=229"},"modified":"2026-02-10T09:54:52","modified_gmt":"2026-02-10T08:54:52","slug":"pack-camera-bebe","status":"publish","type":"product","link":"https:\/\/trusty-projet.fr\/jenile_website\/produit\/pack-camera-bebe\/","title":{"rendered":"Pack cam\u00e9ra b\u00e9b\u00e9"},"content":{"rendered":"<div class=\"product__description\">\n<p>Pack cam\u00e9ra b\u00e9b\u00e9<\/p>\n<\/div>\n","protected":false},"excerpt":{"rendered":"<div class=\"product__description\">\n<p>Pack cam\u00e9ra b\u00e9b\u00e9<\/p>\n<\/div>\n","protected":false},"featured_media":151,"comment_status":"open","ping_status":"closed","template":"","meta":[],"product_brand":[],"product_cat":[24,16],"product_tag":[],"class_list":{"0":"post-229","1":"product","2":"type-product","3":"status-publish","4":"has-post-thumbnail","6":"product_cat-surveillance-bebe","7":"product_cat-tous","9":"first","10":"instock","11":"taxable","12":"shipping-taxable","13":"purchasable","14":"product-type-simple"},"_links":{"self":[{"href":"https:\/\/trusty-projet.fr\/jenile_website\/wp-json\/wp\/v2\/product\/229","targetHints":{"allow":["GET"]}}],"collection":[{"href":"https:\/\/trusty-projet.fr\/jenile_website\/wp-json\/wp\/v2\/product"}],"about":[{"href":"https:\/\/trusty-projet.fr\/jenile_website\/wp-json\/wp\/v2\/types\/product"}],"replies":[{"embeddable":true,"href":"https:\/\/trusty-projet.fr\/jenile_website\/wp-json\/wp\/v2\/comments?post=229"}],"wp:featuredmedia":[{"embeddable":true,"href":"https:\/\/trusty-projet.fr\/jenile_website\/wp-json\/wp\/v2\/media\/151"}],"wp:attachment":[{"href":"https:\/\/trusty-projet.fr\/jenile_website\/wp-json\/wp\/v2\/media?parent=229"}],"wp:term":[{"taxonomy":"product_brand","embeddable":true,"href":"https:\/\/trusty-projet.fr\/jenile_website\/wp-json\/wp\/v2\/product_brand?post=229"},{"taxonomy":"product_cat","embeddable":true,"href":"https:\/\/trusty-projet.fr\/jenile_website\/wp-json\/wp\/v2\/product_cat?post=229"},{"taxonomy":"product_tag","embeddable":true,"href":"https:\/\/trusty-projet.fr\/jenile_website\/wp-json\/wp\/v2\/product_tag?post=229"}],"curies":[{"name":"wp","href":"https:\/\/api.w.org\/{rel}","templated":true}]}}