{"id":226,"date":"2026-02-10T09:36:47","date_gmt":"2026-02-10T08:36:47","guid":{"rendered":"https:\/\/trusty-projet.fr\/jenile_website\/?post_type=product&#038;p=226"},"modified":"2026-02-10T09:51:06","modified_gmt":"2026-02-10T08:51:06","slug":"pack-phone-alert","status":"publish","type":"product","link":"https:\/\/trusty-projet.fr\/jenile_website\/produit\/pack-phone-alert\/","title":{"rendered":"Pack phone alert"},"content":{"rendered":"<p><strong>Le pack Phone Alert comprend:<\/strong><\/p>\n<p><strong>1 Cube lumineux (CBM19)<\/strong>: Cube lumineux et sonore sans fil connect\u00e9 aux \u00e9metteurs Jenile. Il est quadricolore, chaque couleur repr\u00e9sente une information (Rouge: les urgences, Vert: les sonnettes et bouton d&rsquo;appel, Blanc : les mouvements , l&rsquo;ouverture de porte, Bleu: les appels t\u00e9l\u00e9phonique, pc, portable, &#8230;).<\/p>\n<p><strong>1 Coussin vibrant (CoV15)<\/strong>: Dormez en toute tranquillit\u00e9! Ce coussin vibrant se place sous l&rsquo;oreiller et se branche directement sur les r\u00e9cepteurs cube de marque JENILE (CBM19) pour \u00eatre alert\u00e9 de tout ce qui se passe dans la maison pendant votre sommeil. D\u00e8s que le cube re\u00e7oit un signal il s\u2019enclenche et transmet l&rsquo;alerte au coussin vibrant.<\/p>\n<p><strong>1 SMS Flasher (MF17)<\/strong>: Avertisseur lumineux de r\u00e9ception SMS ou appels t\u00e9l\u00e9phoniques. Il \u00e9met des informations vers les avertisseurs flashs ou vibrants Jenile ( CBM19, VPWS14, FF8I14 ) pour signaler un appel ou une r\u00e9ception de SMS gr\u00e2ce \u00e0 sa connexion en bluetooth<\/p>\n<p><strong>1 prise 2 USB <\/strong>: Prise secteur \u00e0 2 ports USB<\/p>\n","protected":false},"excerpt":{"rendered":"<p data-start=\"34\" data-end=\"108\">Pack pour <strong data-start=\"44\" data-end=\"82\">\u00eatre averti des appels et messages<\/strong>, m\u00eame pendant le sommeil.<\/p>\n<ul data-start=\"110\" data-end=\"443\">\n<li data-start=\"110\" data-end=\"224\">\n<p data-start=\"112\" data-end=\"224\"><strong data-start=\"112\" data-end=\"129\">Cube lumineux<\/strong> : signale les alertes avec des couleurs diff\u00e9rentes (urgences, visites, mouvements, appels).<\/p>\n<\/li>\n<li data-start=\"225\" data-end=\"303\">\n<p data-start=\"227\" data-end=\"303\"><strong data-start=\"227\" data-end=\"246\">Coussin vibrant<\/strong> : vibre sous l\u2019oreiller pour pr\u00e9venir pendant la nuit.<\/p>\n<\/li>\n<li data-start=\"304\" data-end=\"416\">\n<p data-start=\"306\" data-end=\"416\"><strong data-start=\"306\" data-end=\"321\">SMS Flasher<\/strong> : envoie une alerte lumineuse et vibrante lors d\u2019un appel ou d\u2019un SMS (connexion Bluetooth).<\/p>\n<\/li>\n<li data-start=\"417\" data-end=\"443\">\n<p data-start=\"419\" data-end=\"443\"><strong data-start=\"419\" data-end=\"434\">Prise 2 USB<\/strong> incluse.<\/p>\n<\/li>\n<\/ul>\n<p data-start=\"445\" data-end=\"590\" data-is-last-node=\"\" data-is-only-node=\"\">Permet aux personnes sourdes et malentendantes d\u2019\u00eatre <strong data-start=\"499\" data-end=\"538\">pr\u00e9venues par lumi\u00e8re et vibrations<\/strong> des appels, messages et autres alertes importantes.<\/p>\n","protected":false},"featured_media":117,"comment_status":"open","ping_status":"closed","template":"","meta":[],"product_brand":[],"product_cat":[16,20],"product_tag":[],"class_list":{"0":"post-226","1":"product","2":"type-product","3":"status-publish","4":"has-post-thumbnail","6":"product_cat-tous","7":"product_cat-vie-pratique","9":"first","10":"instock","11":"taxable","12":"shipping-taxable","13":"purchasable","14":"product-type-simple"},"_links":{"self":[{"href":"https:\/\/trusty-projet.fr\/jenile_website\/wp-json\/wp\/v2\/product\/226","targetHints":{"allow":["GET"]}}],"collection":[{"href":"https:\/\/trusty-projet.fr\/jenile_website\/wp-json\/wp\/v2\/product"}],"about":[{"href":"https:\/\/trusty-projet.fr\/jenile_website\/wp-json\/wp\/v2\/types\/product"}],"replies":[{"embeddable":true,"href":"https:\/\/trusty-projet.fr\/jenile_website\/wp-json\/wp\/v2\/comments?post=226"}],"wp:featuredmedia":[{"embeddable":true,"href":"https:\/\/trusty-projet.fr\/jenile_website\/wp-json\/wp\/v2\/media\/117"}],"wp:attachment":[{"href":"https:\/\/trusty-projet.fr\/jenile_website\/wp-json\/wp\/v2\/media?parent=226"}],"wp:term":[{"taxonomy":"product_brand","embeddable":true,"href":"https:\/\/trusty-projet.fr\/jenile_website\/wp-json\/wp\/v2\/product_brand?post=226"},{"taxonomy":"product_cat","embeddable":true,"href":"https:\/\/trusty-projet.fr\/jenile_website\/wp-json\/wp\/v2\/product_cat?post=226"},{"taxonomy":"product_tag","embeddable":true,"href":"https:\/\/trusty-projet.fr\/jenile_website\/wp-json\/wp\/v2\/product_tag?post=226"}],"curies":[{"name":"wp","href":"https:\/\/api.w.org\/{rel}","templated":true}]}}