{"id":224,"date":"2026-02-10T09:35:30","date_gmt":"2026-02-10T08:35:30","guid":{"rendered":"https:\/\/trusty-projet.fr\/jenile_website\/?post_type=product&#038;p=224"},"modified":"2026-02-10T21:14:17","modified_gmt":"2026-02-10T20:14:17","slug":"pack-maternite","status":"publish","type":"product","link":"https:\/\/trusty-projet.fr\/jenile_website\/produit\/pack-maternite\/","title":{"rendered":"Pack Maternit\u00e9"},"content":{"rendered":"<p>Le Pack Maternit\u00e9, c\u2019est le pack parfait pour toute future maman. Non seulement la maman est pr\u00e9venue d\u00e8s que quelqu\u2019un souhaite entrer dans sa chambre; mais en plus, elle peut enfin \u00eatre alert\u00e9e et s\u2019occuper de son b\u00e9b\u00e9 d\u00e8s qu\u2019il pleure sans avoir besoin de faire appel \u00e0 l\u2019\u00e9quipe soignante. Avec le pack maternit\u00e9, la nouvelle maman aura enfin la possibilit\u00e9 de vivre une v\u00e9ritable intimit\u00e9 avec son b\u00e9b\u00e9 d\u00e8s l\u2019accouchement.<\/p>\n","protected":false},"excerpt":{"rendered":"<p>Le Pack Maternit\u00e9, c\u2019est le pack parfait pour toute future maman. Non seulement la maman est pr\u00e9venue d\u00e8s que quelqu\u2019un souhaite entrer dans sa chambre; mais en plus, elle peut enfin \u00eatre alert\u00e9e et s\u2019occuper de son b\u00e9b\u00e9 d\u00e8s qu\u2019il pleure sans avoir besoin de faire appel \u00e0 l\u2019\u00e9quipe soignante. Avec le pack maternit\u00e9, la [&hellip;]<\/p>\n","protected":false},"featured_media":225,"comment_status":"open","ping_status":"closed","template":"","meta":[],"product_brand":[],"product_cat":[25,29,16],"product_tag":[],"class_list":{"0":"post-224","1":"product","2":"type-product","3":"status-publish","4":"has-post-thumbnail","6":"product_cat-entreprise-erp","7":"product_cat-packs-pro","8":"product_cat-tous","10":"first","11":"instock","12":"taxable","13":"shipping-taxable","14":"purchasable","15":"product-type-simple"},"_links":{"self":[{"href":"https:\/\/trusty-projet.fr\/jenile_website\/wp-json\/wp\/v2\/product\/224","targetHints":{"allow":["GET"]}}],"collection":[{"href":"https:\/\/trusty-projet.fr\/jenile_website\/wp-json\/wp\/v2\/product"}],"about":[{"href":"https:\/\/trusty-projet.fr\/jenile_website\/wp-json\/wp\/v2\/types\/product"}],"replies":[{"embeddable":true,"href":"https:\/\/trusty-projet.fr\/jenile_website\/wp-json\/wp\/v2\/comments?post=224"}],"wp:featuredmedia":[{"embeddable":true,"href":"https:\/\/trusty-projet.fr\/jenile_website\/wp-json\/wp\/v2\/media\/225"}],"wp:attachment":[{"href":"https:\/\/trusty-projet.fr\/jenile_website\/wp-json\/wp\/v2\/media?parent=224"}],"wp:term":[{"taxonomy":"product_brand","embeddable":true,"href":"https:\/\/trusty-projet.fr\/jenile_website\/wp-json\/wp\/v2\/product_brand?post=224"},{"taxonomy":"product_cat","embeddable":true,"href":"https:\/\/trusty-projet.fr\/jenile_website\/wp-json\/wp\/v2\/product_cat?post=224"},{"taxonomy":"product_tag","embeddable":true,"href":"https:\/\/trusty-projet.fr\/jenile_website\/wp-json\/wp\/v2\/product_tag?post=224"}],"curies":[{"name":"wp","href":"https:\/\/api.w.org\/{rel}","templated":true}]}}