{"id":220,"date":"2026-02-10T09:32:35","date_gmt":"2026-02-10T08:32:35","guid":{"rendered":"https:\/\/trusty-projet.fr\/jenile_website\/?post_type=product&#038;p=220"},"modified":"2026-02-10T21:14:04","modified_gmt":"2026-02-10T20:14:04","slug":"pack-hopital","status":"publish","type":"product","link":"https:\/\/trusty-projet.fr\/jenile_website\/produit\/pack-hopital\/","title":{"rendered":"Pack H\u00f4pital"},"content":{"rendered":"<div class=\"product__description\">\n<p>Ce pack comprend :<\/p>\n<p><strong>1 coussin vibrant<\/strong>\u00a0: Vos patients peuvent dormir en toute tranquillit\u00e9! Ce coussin vibrant se place sous l&rsquo;oreiller et se branche directement sur les r\u00e9cepteurs cube de marque Jenile pour \u00eatre alert\u00e9 de tout ce qui se passe dans votre chambre ou \u00e0 l&rsquo;ext\u00e9rieur (alarme incendie) pendant leur sommeil. D\u00e8s que le cube re\u00e7oit un signal il s\u2019enclenche et transmet l&rsquo;alerte au coussin vibrant.<\/p>\n<p><strong>1 cube lumineux<\/strong>\u00a0: Cube lumineux et sonore sans fil connect\u00e9 aux \u00e9metteurs Jenile. Il est tricolore, chaque couleur repr\u00e9sente une information (Rouge: les urgences, Vert: les sonnettes et bouton d&rsquo;appel, Bleu: les appels t\u00e9l\u00e9phonique, pc, portable, &#8230;).<\/p>\n<p><strong>1 sonnette de porte mobile avec support de fixation (SPS17)<\/strong>\u00a0: L&rsquo;\u00e9metteur sous forme de sonnette de porte est activ\u00e9 lorsqu&rsquo;on appuie sur le bouton. Il est compatible avec les avertisseurs flashs ou vibrants Jenile. Gr\u00e2ce au signal lumineux ou vibrant, vos patients seront avertis lorsqu&rsquo;on sonne \u00e0 leur porte.<\/p>\n<p>Le support m\u00e9tallique permet de fixer facilement la sonnette sur toutes les portes sans installation immobilisante.<\/p>\n<p><strong>1 Prise 2 USB Jenile<\/strong><\/p>\n<\/div>\n","protected":false},"excerpt":{"rendered":"<p data-start=\"34\" data-end=\"105\">Pack d\u2019alerte pour <strong data-start=\"53\" data-end=\"104\">pr\u00e9venir les patients par lumi\u00e8re et vibrations<\/strong>.<\/p>\n<ul data-start=\"107\" data-end=\"445\">\n<li data-start=\"107\" data-end=\"214\">\n<p data-start=\"109\" data-end=\"214\"><strong data-start=\"109\" data-end=\"128\">Coussin vibrant<\/strong> : vibre sous l\u2019oreiller pour alerter pendant le sommeil (incendie ou autre signal).<\/p>\n<\/li>\n<li data-start=\"215\" data-end=\"317\">\n<p data-start=\"217\" data-end=\"317\"><strong data-start=\"217\" data-end=\"234\">Cube lumineux<\/strong> : indique les alertes avec des couleurs diff\u00e9rentes selon le type d\u2019information.<\/p>\n<\/li>\n<li data-start=\"318\" data-end=\"418\">\n<p data-start=\"320\" data-end=\"418\"><strong data-start=\"320\" data-end=\"348\">Sonnette de porte mobile<\/strong> : avertit quand quelqu\u2019un sonne, avec support pour fixation facile.<\/p>\n<\/li>\n<li data-start=\"419\" data-end=\"445\">\n<p data-start=\"421\" data-end=\"445\"><strong data-start=\"421\" data-end=\"436\">Prise 2 USB<\/strong> incluse.<\/p>\n<\/li>\n<\/ul>\n<p data-start=\"447\" data-end=\"574\">Permet aux personnes sourdes et malentendantes d\u2019\u00eatre <strong data-start=\"501\" data-end=\"549\">pr\u00e9venues des visites et alertes importantes<\/strong>, m\u00eame pendant la nuit.<\/p>\n","protected":false},"featured_media":221,"comment_status":"open","ping_status":"closed","template":"","meta":[],"product_brand":[],"product_cat":[25,29,16],"product_tag":[],"class_list":{"0":"post-220","1":"product","2":"type-product","3":"status-publish","4":"has-post-thumbnail","6":"product_cat-entreprise-erp","7":"product_cat-packs-pro","8":"product_cat-tous","10":"first","11":"instock","12":"taxable","13":"shipping-taxable","14":"purchasable","15":"product-type-simple"},"_links":{"self":[{"href":"https:\/\/trusty-projet.fr\/jenile_website\/wp-json\/wp\/v2\/product\/220","targetHints":{"allow":["GET"]}}],"collection":[{"href":"https:\/\/trusty-projet.fr\/jenile_website\/wp-json\/wp\/v2\/product"}],"about":[{"href":"https:\/\/trusty-projet.fr\/jenile_website\/wp-json\/wp\/v2\/types\/product"}],"replies":[{"embeddable":true,"href":"https:\/\/trusty-projet.fr\/jenile_website\/wp-json\/wp\/v2\/comments?post=220"}],"wp:featuredmedia":[{"embeddable":true,"href":"https:\/\/trusty-projet.fr\/jenile_website\/wp-json\/wp\/v2\/media\/221"}],"wp:attachment":[{"href":"https:\/\/trusty-projet.fr\/jenile_website\/wp-json\/wp\/v2\/media?parent=220"}],"wp:term":[{"taxonomy":"product_brand","embeddable":true,"href":"https:\/\/trusty-projet.fr\/jenile_website\/wp-json\/wp\/v2\/product_brand?post=220"},{"taxonomy":"product_cat","embeddable":true,"href":"https:\/\/trusty-projet.fr\/jenile_website\/wp-json\/wp\/v2\/product_cat?post=220"},{"taxonomy":"product_tag","embeddable":true,"href":"https:\/\/trusty-projet.fr\/jenile_website\/wp-json\/wp\/v2\/product_tag?post=220"}],"curies":[{"name":"wp","href":"https:\/\/api.w.org\/{rel}","templated":true}]}}