{"id":219,"date":"2026-02-10T09:29:53","date_gmt":"2026-02-10T08:29:53","guid":{"rendered":"https:\/\/trusty-projet.fr\/jenile_website\/?post_type=product&#038;p=219"},"modified":"2026-02-10T21:13:51","modified_gmt":"2026-02-10T20:13:51","slug":"pack-home","status":"publish","type":"product","link":"https:\/\/trusty-projet.fr\/jenile_website\/produit\/pack-home\/","title":{"rendered":"Pack home"},"content":{"rendered":"<div class=\"product__description\">\n<p>Ce pack comprend :<\/p>\n<p><strong>1 Sonnette de porte \u00e9tanche SPE22G :<\/strong><\/p>\n<p>Cette sonnette vous permet d\u2019\u00eatre pr\u00e9venu par les r\u00e9cepteurs Jenile lorsqu\u2019une personne sonne \u00e0 votre porte. Indispensable pour les maisons, elle est \u00e9tanche et est compatible \u00e0 un usage ext\u00e9rieur.<\/p>\n<p><strong>1 Cube lumineux CBM20 :<\/strong><\/p>\n<p>Le cube lumineux est portable et peut \u00eatre plac\u00e9 sur un bureau, par exemple. Ce cube centralise diff\u00e9rents types d&rsquo;alarmes, chacun \u00e9tant associ\u00e9 \u00e0 une couleur sp\u00e9cifique. Vous pouvez connecter jusqu&rsquo;\u00e0 20 \u00e9metteurs diff\u00e9rents.Petit et design, il est extr\u00eamement pratique : choisissez simplement l&rsquo;\u00e9metteur dont vous avez besoin pour connecter votre cube et le faire fonctionner.<\/p>\n<p><strong>1 Coussin vibrant CoV15 :<\/strong><\/p>\n<p>Dormez en toute tranquillit\u00e9 gr\u00e2ce au coussin vibrant ! Il vous suffit de le placer sous votre oreiller et de le connecter aux r\u00e9cepteurs Jenile (Cube et Flash fixe) pour \u00eatre alert\u00e9 de tout ce qui se passe dans votre maison pendant votre sommeil. D\u00e8s que le r\u00e9veil re\u00e7oit un signal, il se d\u00e9clenche et transmet l&rsquo;alerte au coussin vibrant.<\/p>\n<p><strong>1 Syst\u00e8me flash plug FP19 :<\/strong><\/p>\n<p>Ce syst\u00e8me lumineux et sonore peut \u00eatre branch\u00e9 et compatible avec tous les \u00e9metteurs Jenile. Il envoie des alertes lumineuses, chaque couleur (rouge, vert, bleu) repr\u00e9sente une information sp\u00e9cifique : urgences, sonnettes et boutons d&rsquo;appel, appels t\u00e9l\u00e9phoniques, etc. Il dispose \u00e9galement de diff\u00e9rentes sonneries r\u00e9glables en volume pour plus de confort.<\/p>\n<p><strong>1 Prise 2 USB Jenile<\/strong><\/p>\n<\/div>\n","protected":false},"excerpt":{"rendered":"<p data-start=\"34\" data-end=\"118\">Pack pour <strong data-start=\"44\" data-end=\"92\">\u00eatre averti quand quelqu\u2019un sonne \u00e0 la porte<\/strong>, m\u00eame pendant le sommeil.<\/p>\n<ul data-start=\"120\" data-end=\"455\">\n<li data-start=\"120\" data-end=\"187\">\n<p data-start=\"122\" data-end=\"187\"><strong data-start=\"122\" data-end=\"142\">Sonnette \u00e9tanche<\/strong> : envoie une alerte quand quelqu\u2019un sonne.<\/p>\n<\/li>\n<li data-start=\"188\" data-end=\"282\">\n<p data-start=\"190\" data-end=\"282\"><strong data-start=\"190\" data-end=\"207\">Cube lumineux<\/strong> : signale les alertes avec des couleurs diff\u00e9rentes selon l\u2019information.<\/p>\n<\/li>\n<li data-start=\"283\" data-end=\"361\">\n<p data-start=\"285\" data-end=\"361\"><strong data-start=\"285\" data-end=\"304\">Coussin vibrant<\/strong> : vibre sous l\u2019oreiller pour pr\u00e9venir pendant la nuit.<\/p>\n<\/li>\n<li data-start=\"362\" data-end=\"428\">\n<p data-start=\"364\" data-end=\"428\"><strong data-start=\"364\" data-end=\"382\">Flash lumineux<\/strong> : alerte par lumi\u00e8re visible dans la pi\u00e8ce.<\/p>\n<\/li>\n<li data-start=\"429\" data-end=\"455\">\n<p data-start=\"431\" data-end=\"455\"><strong data-start=\"431\" data-end=\"446\">Prise 2 USB<\/strong> incluse.<\/p>\n<\/li>\n<\/ul>\n<p data-start=\"457\" data-end=\"593\" data-is-last-node=\"\" data-is-only-node=\"\">Permet aux personnes sourdes et malentendantes d\u2019\u00eatre <strong data-start=\"511\" data-end=\"550\">pr\u00e9venues par lumi\u00e8re et vibrations<\/strong> des visites et autres alertes \u00e0 la maison.<\/p>\n","protected":false},"featured_media":157,"comment_status":"open","ping_status":"closed","template":"","meta":[],"product_brand":[],"product_cat":[29,21,16],"product_tag":[],"class_list":{"0":"post-219","1":"product","2":"type-product","3":"status-publish","4":"has-post-thumbnail","6":"product_cat-packs-pro","7":"product_cat-sonnettes","8":"product_cat-tous","10":"first","11":"instock","12":"taxable","13":"shipping-taxable","14":"purchasable","15":"product-type-simple"},"_links":{"self":[{"href":"https:\/\/trusty-projet.fr\/jenile_website\/wp-json\/wp\/v2\/product\/219","targetHints":{"allow":["GET"]}}],"collection":[{"href":"https:\/\/trusty-projet.fr\/jenile_website\/wp-json\/wp\/v2\/product"}],"about":[{"href":"https:\/\/trusty-projet.fr\/jenile_website\/wp-json\/wp\/v2\/types\/product"}],"replies":[{"embeddable":true,"href":"https:\/\/trusty-projet.fr\/jenile_website\/wp-json\/wp\/v2\/comments?post=219"}],"wp:featuredmedia":[{"embeddable":true,"href":"https:\/\/trusty-projet.fr\/jenile_website\/wp-json\/wp\/v2\/media\/157"}],"wp:attachment":[{"href":"https:\/\/trusty-projet.fr\/jenile_website\/wp-json\/wp\/v2\/media?parent=219"}],"wp:term":[{"taxonomy":"product_brand","embeddable":true,"href":"https:\/\/trusty-projet.fr\/jenile_website\/wp-json\/wp\/v2\/product_brand?post=219"},{"taxonomy":"product_cat","embeddable":true,"href":"https:\/\/trusty-projet.fr\/jenile_website\/wp-json\/wp\/v2\/product_cat?post=219"},{"taxonomy":"product_tag","embeddable":true,"href":"https:\/\/trusty-projet.fr\/jenile_website\/wp-json\/wp\/v2\/product_tag?post=219"}],"curies":[{"name":"wp","href":"https:\/\/api.w.org\/{rel}","templated":true}]}}