{"id":217,"date":"2026-02-10T09:28:24","date_gmt":"2026-02-10T08:28:24","guid":{"rendered":"https:\/\/trusty-projet.fr\/jenile_website\/?post_type=product&#038;p=217"},"modified":"2026-02-10T09:55:21","modified_gmt":"2026-02-10T08:55:21","slug":"pack-entreprise","status":"publish","type":"product","link":"https:\/\/trusty-projet.fr\/jenile_website\/produit\/pack-entreprise\/","title":{"rendered":"Pack entreprise"},"content":{"rendered":"<div class=\"product__description\">\n<p>Ce pack comprend :<\/p>\n<p><strong>1 Syst\u00e8me compl\u00e9mentaire pour alarme incendie EVTX21<\/strong>\u00a0: Un dispositif interconnect\u00e9 sp\u00e9cialement con\u00e7u pour les \u00e9tablissements recevant du public et les am\u00e9nagements de poste de travail. Il rendra votre \u00e9tablissement accessible en permettant aux sourds et malentendants d\u2019\u00eatre alert\u00e9 en cas d&rsquo;incendie. \u00c9quip\u00e9 d\u2019un \u00e9metteur int\u00e9gr\u00e9 et interconnect\u00e9, il transmet un signal aux flashs et\/ou aux vibreurs Jenile mais aussi \u00e0 tous les autres dispositifs sur un m\u00eame lieu. Il vous suffit seulement de le placer \u00e0 c\u00f4t\u00e9 de votre syst\u00e8me d\u00e9j\u00e0 existant.<\/p>\n<p>La quantit\u00e9 varie selon la superficie des locaux.<\/p>\n<p><strong>1 \u00c9metteur acoustique EMACtel18\u00a0<\/strong>: Cet \u00e9metteur s&rsquo;installe facilement sur les t\u00e9l\u00e9phones, permettant ainsi \u00e0 l&rsquo;utilisateur d&rsquo;\u00eatre averti sur tous les r\u00e9cepteurs Jenile.<\/p>\n<p><strong>1 Bouton d\u2019appel longue distance TLC-pro4<\/strong>\u00a0:Le bouton d\u2019appel de personne permet d\u2019avertir une personne sur une longue distance. Par une simple action du bouton, l\u2019alerte est transmise via les avertisseurs Jenile afin de pr\u00e9venir la personne qui en est \u00e9quip\u00e9e.<\/p>\n<p><strong>1 Cube lumineux CBM20<\/strong>\u00a0: Le cube lumineux est portable et peut \u00eatre plac\u00e9 sur un bureau, par exemple. Ce cube centralise diff\u00e9rents types d&rsquo;alarmes, chacun \u00e9tant associ\u00e9 \u00e0 une couleur sp\u00e9cifique. Vous pouvez connecter jusqu&rsquo;\u00e0 20 \u00e9metteurs diff\u00e9rents.Petit et design, il est extr\u00eamement pratique : choisissez simplement l&rsquo;\u00e9metteur dont vous avez besoin pour connecter votre cube et le faire fonctionner.<\/p>\n<p><strong>1 Vibreur de poche VPWS16-pro<\/strong>\u00a0: Ce vibreur de poche re\u00e7oit des appels et signaux de s\u00e9curit\u00e9 domotique. Il dispose de 4 rythmes de vibrations et de 4 couleurs pour indiquer les sources d\u2019appels ou alertes. Il pr\u00e9vient \u00e9galement des appels de t\u00e9l\u00e9phone et de fax mais aussi des appels d\u2019ordinateurs.<\/p>\n<\/div>\n","protected":false},"excerpt":{"rendered":"<p data-start=\"34\" data-end=\"145\">Pack d\u2019alerte pour <strong data-start=\"53\" data-end=\"92\">\u00e9tablissements et postes de travail<\/strong>, con\u00e7u pour les personnes sourdes et malentendantes.<\/p>\n<ul data-start=\"147\" data-end=\"611\">\n<li data-start=\"147\" data-end=\"248\">\n<p data-start=\"149\" data-end=\"248\"><strong data-start=\"149\" data-end=\"184\">Syst\u00e8me incendie compl\u00e9mentaire<\/strong> : transmet l\u2019alerte incendie vers flashs et vibreurs du site.<\/p>\n<\/li>\n<li data-start=\"249\" data-end=\"342\">\n<p data-start=\"251\" data-end=\"342\"><strong data-start=\"251\" data-end=\"278\">\u00c9metteur pour t\u00e9l\u00e9phone<\/strong> : signale les appels sur les r\u00e9cepteurs lumineux et vibrants.<\/p>\n<\/li>\n<li data-start=\"343\" data-end=\"409\">\n<p data-start=\"345\" data-end=\"409\"><strong data-start=\"345\" data-end=\"363\">Bouton d\u2019appel<\/strong> : permet d\u2019alerter une personne \u00e0 distance.<\/p>\n<\/li>\n<li data-start=\"410\" data-end=\"515\">\n<p data-start=\"412\" data-end=\"515\"><strong data-start=\"412\" data-end=\"429\">Cube lumineux<\/strong> : centralise les alertes avec des couleurs diff\u00e9rentes selon le type d\u2019information.<\/p>\n<\/li>\n<li data-start=\"516\" data-end=\"611\">\n<p data-start=\"518\" data-end=\"611\"><strong data-start=\"518\" data-end=\"538\">Vibreur de poche<\/strong> : pr\u00e9vient par vibrations et couleurs des appels et alertes de s\u00e9curit\u00e9.<\/p>\n<\/li>\n<\/ul>\n<p data-start=\"613\" data-end=\"752\" data-is-last-node=\"\" data-is-only-node=\"\">Permet d\u2019\u00eatre <strong data-start=\"627\" data-end=\"663\">averti par lumi\u00e8re et vibrations<\/strong> des incendies, appels et alertes importantes dans le lieu de travail ou l\u2019\u00e9tablissement.<\/p>\n","protected":false},"featured_media":218,"comment_status":"open","ping_status":"closed","template":"","meta":[],"product_brand":[],"product_cat":[25,16],"product_tag":[],"class_list":{"0":"post-217","1":"product","2":"type-product","3":"status-publish","4":"has-post-thumbnail","6":"product_cat-entreprise-erp","7":"product_cat-tous","9":"first","10":"instock","11":"taxable","12":"shipping-taxable","13":"purchasable","14":"product-type-simple"},"_links":{"self":[{"href":"https:\/\/trusty-projet.fr\/jenile_website\/wp-json\/wp\/v2\/product\/217","targetHints":{"allow":["GET"]}}],"collection":[{"href":"https:\/\/trusty-projet.fr\/jenile_website\/wp-json\/wp\/v2\/product"}],"about":[{"href":"https:\/\/trusty-projet.fr\/jenile_website\/wp-json\/wp\/v2\/types\/product"}],"replies":[{"embeddable":true,"href":"https:\/\/trusty-projet.fr\/jenile_website\/wp-json\/wp\/v2\/comments?post=217"}],"wp:featuredmedia":[{"embeddable":true,"href":"https:\/\/trusty-projet.fr\/jenile_website\/wp-json\/wp\/v2\/media\/218"}],"wp:attachment":[{"href":"https:\/\/trusty-projet.fr\/jenile_website\/wp-json\/wp\/v2\/media?parent=217"}],"wp:term":[{"taxonomy":"product_brand","embeddable":true,"href":"https:\/\/trusty-projet.fr\/jenile_website\/wp-json\/wp\/v2\/product_brand?post=217"},{"taxonomy":"product_cat","embeddable":true,"href":"https:\/\/trusty-projet.fr\/jenile_website\/wp-json\/wp\/v2\/product_cat?post=217"},{"taxonomy":"product_tag","embeddable":true,"href":"https:\/\/trusty-projet.fr\/jenile_website\/wp-json\/wp\/v2\/product_tag?post=217"}],"curies":[{"name":"wp","href":"https:\/\/api.w.org\/{rel}","templated":true}]}}