{"id":215,"date":"2026-02-10T09:25:48","date_gmt":"2026-02-10T08:25:48","guid":{"rendered":"https:\/\/trusty-projet.fr\/jenile_website\/?post_type=product&#038;p=215"},"modified":"2026-02-10T09:53:04","modified_gmt":"2026-02-10T08:53:04","slug":"flash-fixe-8-diodes","status":"publish","type":"product","link":"https:\/\/trusty-projet.fr\/jenile_website\/produit\/flash-fixe-8-diodes\/","title":{"rendered":"Flash fixe 8 diodes"},"content":{"rendered":"<p>Centrale des alertes lumineuses. Compatible \u00e0 tous les produits Jenile.<\/p>\n<p>D\u00e9tail des 8 alertes gr\u00e2ce aux diff\u00e9rentes couleurs des diodes.<\/p>\n","protected":false},"excerpt":{"rendered":"<p>Centrale des alertes lumineuses. Compatible \u00e0 tous les produits Jenile.<\/p>\n<p>D\u00e9tail des 8 alertes gr\u00e2ce aux diff\u00e9rentes couleurs des diodes.<\/p>\n","protected":false},"featured_media":133,"comment_status":"open","ping_status":"closed","template":"","meta":[],"product_brand":[],"product_cat":[22,16],"product_tag":[],"class_list":{"0":"post-215","1":"product","2":"type-product","3":"status-publish","4":"has-post-thumbnail","6":"product_cat-avertisseurs","7":"product_cat-tous","9":"first","10":"instock","11":"taxable","12":"shipping-taxable","13":"purchasable","14":"product-type-simple"},"_links":{"self":[{"href":"https:\/\/trusty-projet.fr\/jenile_website\/wp-json\/wp\/v2\/product\/215","targetHints":{"allow":["GET"]}}],"collection":[{"href":"https:\/\/trusty-projet.fr\/jenile_website\/wp-json\/wp\/v2\/product"}],"about":[{"href":"https:\/\/trusty-projet.fr\/jenile_website\/wp-json\/wp\/v2\/types\/product"}],"replies":[{"embeddable":true,"href":"https:\/\/trusty-projet.fr\/jenile_website\/wp-json\/wp\/v2\/comments?post=215"}],"wp:featuredmedia":[{"embeddable":true,"href":"https:\/\/trusty-projet.fr\/jenile_website\/wp-json\/wp\/v2\/media\/133"}],"wp:attachment":[{"href":"https:\/\/trusty-projet.fr\/jenile_website\/wp-json\/wp\/v2\/media?parent=215"}],"wp:term":[{"taxonomy":"product_brand","embeddable":true,"href":"https:\/\/trusty-projet.fr\/jenile_website\/wp-json\/wp\/v2\/product_brand?post=215"},{"taxonomy":"product_cat","embeddable":true,"href":"https:\/\/trusty-projet.fr\/jenile_website\/wp-json\/wp\/v2\/product_cat?post=215"},{"taxonomy":"product_tag","embeddable":true,"href":"https:\/\/trusty-projet.fr\/jenile_website\/wp-json\/wp\/v2\/product_tag?post=215"}],"curies":[{"name":"wp","href":"https:\/\/api.w.org\/{rel}","templated":true}]}}