{"id":214,"date":"2026-02-10T09:25:15","date_gmt":"2026-02-10T08:25:15","guid":{"rendered":"https:\/\/trusty-projet.fr\/jenile_website\/?post_type=product&#038;p=214"},"modified":"2026-03-23T10:05:20","modified_gmt":"2026-03-23T09:05:20","slug":"flash-plug","status":"publish","type":"product","link":"https:\/\/trusty-projet.fr\/jenile_website\/produit\/flash-plug\/","title":{"rendered":"Flash plug"},"content":{"rendered":"<p>Syst\u00e8me lumineux et sonore \u00e0 brancher. Connect\u00e9 \u00e0 tous les \u00e9metteurs Jenile.<\/p>\n<p>Pour plus de confort, il contient diff\u00e9rentes sonneries et il est \u00e9galement possible de r\u00e9gler le volume.<\/p>\n<p>Id\u00e9al pour les personnes malentendantes.<\/p>\n<p>Chaque couleur repr\u00e9sente une information (Rouge: les urgences, Vert: les sonnettes et bouton d&rsquo;appel, Bleu: les appels t\u00e9l\u00e9phonique, pc, portable, ..).<\/p>\n","protected":false},"excerpt":{"rendered":"<p>Syst\u00e8me lumineux et sonore \u00e0 brancher. Connect\u00e9 \u00e0 tous les \u00e9metteurs Jenile.<\/p>\n<p>Pour plus de confort, il contient diff\u00e9rentes sonneries et il est \u00e9galement possible de r\u00e9gler le volume.<\/p>\n<p>Id\u00e9al pour les personnes malentendantes.<\/p>\n<p>Chaque couleur repr\u00e9sente une information (Rouge: les urgences, Vert: les sonnettes et bouton d&rsquo;appel, Bleu: les appels t\u00e9l\u00e9phonique, pc, portable, ..).<\/p>\n","protected":false},"featured_media":134,"comment_status":"open","ping_status":"closed","template":"","meta":[],"product_brand":[],"product_cat":[22,16],"product_tag":[],"class_list":{"0":"post-214","1":"product","2":"type-product","3":"status-publish","4":"has-post-thumbnail","6":"product_cat-avertisseurs","7":"product_cat-tous","9":"first","10":"instock","11":"taxable","12":"shipping-taxable","13":"purchasable","14":"product-type-simple"},"_links":{"self":[{"href":"https:\/\/trusty-projet.fr\/jenile_website\/wp-json\/wp\/v2\/product\/214","targetHints":{"allow":["GET"]}}],"collection":[{"href":"https:\/\/trusty-projet.fr\/jenile_website\/wp-json\/wp\/v2\/product"}],"about":[{"href":"https:\/\/trusty-projet.fr\/jenile_website\/wp-json\/wp\/v2\/types\/product"}],"replies":[{"embeddable":true,"href":"https:\/\/trusty-projet.fr\/jenile_website\/wp-json\/wp\/v2\/comments?post=214"}],"wp:featuredmedia":[{"embeddable":true,"href":"https:\/\/trusty-projet.fr\/jenile_website\/wp-json\/wp\/v2\/media\/134"}],"wp:attachment":[{"href":"https:\/\/trusty-projet.fr\/jenile_website\/wp-json\/wp\/v2\/media?parent=214"}],"wp:term":[{"taxonomy":"product_brand","embeddable":true,"href":"https:\/\/trusty-projet.fr\/jenile_website\/wp-json\/wp\/v2\/product_brand?post=214"},{"taxonomy":"product_cat","embeddable":true,"href":"https:\/\/trusty-projet.fr\/jenile_website\/wp-json\/wp\/v2\/product_cat?post=214"},{"taxonomy":"product_tag","embeddable":true,"href":"https:\/\/trusty-projet.fr\/jenile_website\/wp-json\/wp\/v2\/product_tag?post=214"}],"curies":[{"name":"wp","href":"https:\/\/api.w.org\/{rel}","templated":true}]}}