{"id":212,"date":"2026-02-10T09:24:33","date_gmt":"2026-02-10T08:24:33","guid":{"rendered":"https:\/\/trusty-projet.fr\/jenile_website\/?post_type=product&#038;p=212"},"modified":"2026-03-23T09:56:57","modified_gmt":"2026-03-23T08:56:57","slug":"detecteur-douverture-de-porte","status":"publish","type":"product","link":"https:\/\/trusty-projet.fr\/jenile_website\/produit\/detecteur-douverture-de-porte\/","title":{"rendered":"D\u00e9tecteur d\u2019ouverture de porte"},"content":{"rendered":"<p>Ce d\u00e9tecteur de mouvement d\u00e9c\u00e8le toute pr\u00e9sence sur son lieu d&rsquo;habitation (int\u00e9rieur ou ext\u00e9rieur) et transmet un signal aux r\u00e9cepteurs flashs et vibrants.<\/p>\n<p>Gr\u00e2ce \u00e0 ce d\u00e9tecteur, plus de surprise, vous savez quand un membre de votre famille entre ou sort de chez vous.<\/p>\n","protected":false},"excerpt":{"rendered":"<p>Ce d\u00e9tecteur de mouvement d\u00e9c\u00e8le toute pr\u00e9sence sur son lieu d&rsquo;habitation (int\u00e9rieur ou ext\u00e9rieur) et transmet un signal aux r\u00e9cepteurs flashs et vibrants.<\/p>\n<p>Gr\u00e2ce \u00e0 ce d\u00e9tecteur, plus de surprise, vous savez quand un membre de votre famille entre ou sort de chez vous.<\/p>\n","protected":false},"featured_media":149,"comment_status":"open","ping_status":"closed","template":"","meta":[],"product_brand":[],"product_cat":[23,16],"product_tag":[],"class_list":{"0":"post-212","1":"product","2":"type-product","3":"status-publish","4":"has-post-thumbnail","6":"product_cat-securite","7":"product_cat-tous","9":"first","10":"instock","11":"taxable","12":"shipping-taxable","13":"purchasable","14":"product-type-simple"},"_links":{"self":[{"href":"https:\/\/trusty-projet.fr\/jenile_website\/wp-json\/wp\/v2\/product\/212","targetHints":{"allow":["GET"]}}],"collection":[{"href":"https:\/\/trusty-projet.fr\/jenile_website\/wp-json\/wp\/v2\/product"}],"about":[{"href":"https:\/\/trusty-projet.fr\/jenile_website\/wp-json\/wp\/v2\/types\/product"}],"replies":[{"embeddable":true,"href":"https:\/\/trusty-projet.fr\/jenile_website\/wp-json\/wp\/v2\/comments?post=212"}],"wp:featuredmedia":[{"embeddable":true,"href":"https:\/\/trusty-projet.fr\/jenile_website\/wp-json\/wp\/v2\/media\/149"}],"wp:attachment":[{"href":"https:\/\/trusty-projet.fr\/jenile_website\/wp-json\/wp\/v2\/media?parent=212"}],"wp:term":[{"taxonomy":"product_brand","embeddable":true,"href":"https:\/\/trusty-projet.fr\/jenile_website\/wp-json\/wp\/v2\/product_brand?post=212"},{"taxonomy":"product_cat","embeddable":true,"href":"https:\/\/trusty-projet.fr\/jenile_website\/wp-json\/wp\/v2\/product_cat?post=212"},{"taxonomy":"product_tag","embeddable":true,"href":"https:\/\/trusty-projet.fr\/jenile_website\/wp-json\/wp\/v2\/product_tag?post=212"}],"curies":[{"name":"wp","href":"https:\/\/api.w.org\/{rel}","templated":true}]}}