{"id":211,"date":"2026-02-10T09:23:21","date_gmt":"2026-02-10T08:23:21","guid":{"rendered":"https:\/\/trusty-projet.fr\/jenile_website\/?post_type=product&#038;p=211"},"modified":"2026-02-10T09:54:11","modified_gmt":"2026-02-10T08:54:11","slug":"detecteur-dinondation","status":"publish","type":"product","link":"https:\/\/trusty-projet.fr\/jenile_website\/produit\/detecteur-dinondation\/","title":{"rendered":"D\u00e9tecteur d\u2019inondation"},"content":{"rendered":"<p>Ce d\u00e9tecteur d\u2019inondation est sp\u00e9cialement con\u00e7u pour les personnes sourdes et malentendantes.<\/p>\n<p>\u00c9quip\u00e9 d\u2019un \u00e9metteur int\u00e9gr\u00e9, il transmet un signal aux r\u00e9cepteurs flashs et vibrants d\u00e8s qu\u2019il d\u00e9tecte une mont\u00e9e du niveau de l\u2019eau. Les personnes sourdes ou malentendantes sont donc imm\u00e9diatement inform\u00e9es du danger gr\u00e2ce \u00e0 leurs r\u00e9cepteurs lumineux et vibrant via un flash rouge et une vibration tr\u00e8s rapide.<\/p>\n","protected":false},"excerpt":{"rendered":"<p>\u00c9quip\u00e9 d\u2019un \u00e9metteur int\u00e9gr\u00e9, il transmet un signal aux r\u00e9cepteurs flashs et vibrants d\u00e8s qu\u2019il d\u00e9tecte une mont\u00e9e du niveau de l\u2019eau. Les personnes sourdes ou malentendantes sont donc imm\u00e9diatement inform\u00e9es du danger gr\u00e2ce \u00e0 leurs r\u00e9cepteurs lumineux et vibrant via un flash rouge et une vibration tr\u00e8s rapide.<\/p>\n","protected":false},"featured_media":145,"comment_status":"open","ping_status":"closed","template":"","meta":[],"product_brand":[],"product_cat":[23,16],"product_tag":[],"class_list":{"0":"post-211","1":"product","2":"type-product","3":"status-publish","4":"has-post-thumbnail","6":"product_cat-securite","7":"product_cat-tous","9":"first","10":"instock","11":"taxable","12":"shipping-taxable","13":"purchasable","14":"product-type-simple"},"_links":{"self":[{"href":"https:\/\/trusty-projet.fr\/jenile_website\/wp-json\/wp\/v2\/product\/211","targetHints":{"allow":["GET"]}}],"collection":[{"href":"https:\/\/trusty-projet.fr\/jenile_website\/wp-json\/wp\/v2\/product"}],"about":[{"href":"https:\/\/trusty-projet.fr\/jenile_website\/wp-json\/wp\/v2\/types\/product"}],"replies":[{"embeddable":true,"href":"https:\/\/trusty-projet.fr\/jenile_website\/wp-json\/wp\/v2\/comments?post=211"}],"wp:featuredmedia":[{"embeddable":true,"href":"https:\/\/trusty-projet.fr\/jenile_website\/wp-json\/wp\/v2\/media\/145"}],"wp:attachment":[{"href":"https:\/\/trusty-projet.fr\/jenile_website\/wp-json\/wp\/v2\/media?parent=211"}],"wp:term":[{"taxonomy":"product_brand","embeddable":true,"href":"https:\/\/trusty-projet.fr\/jenile_website\/wp-json\/wp\/v2\/product_brand?post=211"},{"taxonomy":"product_cat","embeddable":true,"href":"https:\/\/trusty-projet.fr\/jenile_website\/wp-json\/wp\/v2\/product_cat?post=211"},{"taxonomy":"product_tag","embeddable":true,"href":"https:\/\/trusty-projet.fr\/jenile_website\/wp-json\/wp\/v2\/product_tag?post=211"}],"curies":[{"name":"wp","href":"https:\/\/api.w.org\/{rel}","templated":true}]}}