{"id":210,"date":"2026-02-10T09:22:08","date_gmt":"2026-02-10T08:22:08","guid":{"rendered":"https:\/\/trusty-projet.fr\/jenile_website\/?post_type=product&#038;p=210"},"modified":"2026-03-23T10:01:25","modified_gmt":"2026-03-23T09:01:25","slug":"detecteur-de-mouvement","status":"publish","type":"product","link":"https:\/\/trusty-projet.fr\/jenile_website\/produit\/detecteur-de-mouvement\/","title":{"rendered":"D\u00e9tecteur de mouvement"},"content":{"rendered":"<p>Ce d\u00e9tecteur de mouvement est sp\u00e9cialement con\u00e7u pour les personnes sourdes et malentendantes. \u00c9quip\u00e9 d\u2019un \u00e9metteur int\u00e9gr\u00e9, il transmet un signal aux flashs et\/ou aux vibreurs Jenile d\u00e8s qu\u2019il d\u00e9tecte un mouvement. Gr\u00e2ce \u00e0 ce d\u00e9tecteur, plus de surprise, vous savez quand un membre de votre famille entre ou sort de chez vous et vous alerte en cas de r\u00e9veil nocturne de vos enfants.<\/p>\n","protected":false},"excerpt":{"rendered":"<p>Ce d\u00e9tecteur de mouvement est sp\u00e9cialement con\u00e7u pour les personnes sourdes et malentendantes. \u00c9quip\u00e9 d\u2019un \u00e9metteur int\u00e9gr\u00e9, il transmet un signal aux flashs et\/ou aux vibreurs Jenile d\u00e8s qu\u2019il d\u00e9tecte un mouvement. Gr\u00e2ce \u00e0 ce d\u00e9tecteur, plus de surprise, vous savez quand un membre de votre famille entre ou sort de chez vous et vous alerte en cas de r\u00e9veil nocturne de vos enfants.<\/p>\n","protected":false},"featured_media":148,"comment_status":"open","ping_status":"closed","template":"","meta":[],"product_brand":[],"product_cat":[23,16],"product_tag":[],"class_list":{"0":"post-210","1":"product","2":"type-product","3":"status-publish","4":"has-post-thumbnail","6":"product_cat-securite","7":"product_cat-tous","9":"first","10":"instock","11":"taxable","12":"shipping-taxable","13":"purchasable","14":"product-type-simple"},"_links":{"self":[{"href":"https:\/\/trusty-projet.fr\/jenile_website\/wp-json\/wp\/v2\/product\/210","targetHints":{"allow":["GET"]}}],"collection":[{"href":"https:\/\/trusty-projet.fr\/jenile_website\/wp-json\/wp\/v2\/product"}],"about":[{"href":"https:\/\/trusty-projet.fr\/jenile_website\/wp-json\/wp\/v2\/types\/product"}],"replies":[{"embeddable":true,"href":"https:\/\/trusty-projet.fr\/jenile_website\/wp-json\/wp\/v2\/comments?post=210"}],"wp:featuredmedia":[{"embeddable":true,"href":"https:\/\/trusty-projet.fr\/jenile_website\/wp-json\/wp\/v2\/media\/148"}],"wp:attachment":[{"href":"https:\/\/trusty-projet.fr\/jenile_website\/wp-json\/wp\/v2\/media?parent=210"}],"wp:term":[{"taxonomy":"product_brand","embeddable":true,"href":"https:\/\/trusty-projet.fr\/jenile_website\/wp-json\/wp\/v2\/product_brand?post=210"},{"taxonomy":"product_cat","embeddable":true,"href":"https:\/\/trusty-projet.fr\/jenile_website\/wp-json\/wp\/v2\/product_cat?post=210"},{"taxonomy":"product_tag","embeddable":true,"href":"https:\/\/trusty-projet.fr\/jenile_website\/wp-json\/wp\/v2\/product_tag?post=210"}],"curies":[{"name":"wp","href":"https:\/\/api.w.org\/{rel}","templated":true}]}}