{"id":209,"date":"2026-02-10T09:21:26","date_gmt":"2026-02-10T08:21:26","guid":{"rendered":"https:\/\/trusty-projet.fr\/jenile_website\/?post_type=product&#038;p=209"},"modified":"2026-03-23T10:00:33","modified_gmt":"2026-03-23T09:00:33","slug":"detecteur-de-gaz","status":"publish","type":"product","link":"https:\/\/trusty-projet.fr\/jenile_website\/produit\/detecteur-de-gaz\/","title":{"rendered":"D\u00e9tecteur de gaz"},"content":{"rendered":"<p>Ce d\u00e9tecteur de gaz est sp\u00e9cialement con\u00e7u pour les personnes sourdes et malentendantes. \u00c9quip\u00e9 d\u2019un \u00e9metteur int\u00e9gr\u00e9, il informe du danger via un signal aux flashs et\/ou aux vibreurs Jenile d\u00e8s qu\u2019il d\u00e9tecte une \u00e9mission de gaz trop importante. Les personnes sont donc imm\u00e9diatement inform\u00e9es du danger gr\u00e2ce \u00e0 leurs r\u00e9cepteurs lumineux et vibrant via un flash rouge et une vibration tr\u00e8s rapide. De plus, si vous \u00eates dans une autre pi\u00e8ce de votre maison, vous ne sentirez pas assez t\u00f4t le gaz, seul ce d\u00e9tecteur vous prot\u00e8gera puisqu\u2019il d\u00e9tectera la pr\u00e9sence de gaz avant que sa concentration n\u2019atteigne la \u00ab limite inf\u00e9rieure d\u2019explosion \u00bb.<\/p>\n","protected":false},"excerpt":{"rendered":"<p>D\u00e9tecteur de gaz avec <strong data-start=\"56\" data-end=\"90\">alerte par flash et vibrations<\/strong>.<br data-start=\"91\" data-end=\"94\" \/>En cas de fuite de gaz, un <strong data-start=\"121\" data-end=\"136\">flash rouge<\/strong> et des <strong data-start=\"144\" data-end=\"171\">vibrations tr\u00e8s rapides<\/strong> pr\u00e9viennent imm\u00e9diatement sur les r\u00e9cepteurs lumineux et vibrants du logement.<br data-start=\"250\" data-end=\"253\" \/>Le d\u00e9tecteur rep\u00e8re le gaz <strong data-start=\"280\" data-end=\"292\">tr\u00e8s t\u00f4t<\/strong>, m\u00eame si vous \u00eates dans une autre pi\u00e8ce et que vous ne le sentez pas encore.<br data-start=\"369\" data-end=\"372\" \/>Con\u00e7u pour prot\u00e9ger les personnes sourdes et malentendantes.<\/p>\n","protected":false},"featured_media":147,"comment_status":"open","ping_status":"closed","template":"","meta":[],"product_brand":[],"product_cat":[23,16],"product_tag":[],"class_list":{"0":"post-209","1":"product","2":"type-product","3":"status-publish","4":"has-post-thumbnail","6":"product_cat-securite","7":"product_cat-tous","9":"first","10":"instock","11":"taxable","12":"shipping-taxable","13":"purchasable","14":"product-type-simple"},"_links":{"self":[{"href":"https:\/\/trusty-projet.fr\/jenile_website\/wp-json\/wp\/v2\/product\/209","targetHints":{"allow":["GET"]}}],"collection":[{"href":"https:\/\/trusty-projet.fr\/jenile_website\/wp-json\/wp\/v2\/product"}],"about":[{"href":"https:\/\/trusty-projet.fr\/jenile_website\/wp-json\/wp\/v2\/types\/product"}],"replies":[{"embeddable":true,"href":"https:\/\/trusty-projet.fr\/jenile_website\/wp-json\/wp\/v2\/comments?post=209"}],"wp:featuredmedia":[{"embeddable":true,"href":"https:\/\/trusty-projet.fr\/jenile_website\/wp-json\/wp\/v2\/media\/147"}],"wp:attachment":[{"href":"https:\/\/trusty-projet.fr\/jenile_website\/wp-json\/wp\/v2\/media?parent=209"}],"wp:term":[{"taxonomy":"product_brand","embeddable":true,"href":"https:\/\/trusty-projet.fr\/jenile_website\/wp-json\/wp\/v2\/product_brand?post=209"},{"taxonomy":"product_cat","embeddable":true,"href":"https:\/\/trusty-projet.fr\/jenile_website\/wp-json\/wp\/v2\/product_cat?post=209"},{"taxonomy":"product_tag","embeddable":true,"href":"https:\/\/trusty-projet.fr\/jenile_website\/wp-json\/wp\/v2\/product_tag?post=209"}],"curies":[{"name":"wp","href":"https:\/\/api.w.org\/{rel}","templated":true}]}}