{"id":204,"date":"2026-02-10T09:17:31","date_gmt":"2026-02-10T08:17:31","guid":{"rendered":"https:\/\/trusty-projet.fr\/jenile_website\/?post_type=product&#038;p=204"},"modified":"2026-03-23T09:58:07","modified_gmt":"2026-03-23T08:58:07","slug":"detecteur-de-cris-de-bebe","status":"publish","type":"product","link":"https:\/\/trusty-projet.fr\/jenile_website\/produit\/detecteur-de-cris-de-bebe\/","title":{"rendered":"D\u00e9tecteur de cris de b\u00e9b\u00e9"},"content":{"rendered":"<p>Le d\u00e9tecteur de cris pour b\u00e9b\u00e9 vous tient inform\u00e9 en temps r\u00e9el lorsque votre b\u00e9b\u00e9 pleure. Vous pouvez r\u00e9gler la sensibilit\u00e9 pour \u00e9viter les alertes inutiles. Il se connecte aux avertisseurs flashs ou vibrants Jenile. Ainsi, vous pouvez r\u00e9agir rapidement en cas de besoin.<\/p>\n","protected":false},"excerpt":{"rendered":"<p>Le d\u00e9tecteur de cris pour b\u00e9b\u00e9 vous tient inform\u00e9 en temps r\u00e9el lorsque votre b\u00e9b\u00e9 pleure. Vous pouvez r\u00e9gler la sensibilit\u00e9 pour \u00e9viter les alertes inutiles. Il se connecte aux avertisseurs flashs ou vibrants Jenile. Ainsi, vous pouvez r\u00e9agir rapidement en cas de besoin.<\/p>\n","protected":false},"featured_media":152,"comment_status":"open","ping_status":"closed","template":"","meta":[],"product_brand":[],"product_cat":[24,16],"product_tag":[],"class_list":{"0":"post-204","1":"product","2":"type-product","3":"status-publish","4":"has-post-thumbnail","6":"product_cat-surveillance-bebe","7":"product_cat-tous","9":"first","10":"instock","11":"taxable","12":"shipping-taxable","13":"purchasable","14":"product-type-simple"},"_links":{"self":[{"href":"https:\/\/trusty-projet.fr\/jenile_website\/wp-json\/wp\/v2\/product\/204","targetHints":{"allow":["GET"]}}],"collection":[{"href":"https:\/\/trusty-projet.fr\/jenile_website\/wp-json\/wp\/v2\/product"}],"about":[{"href":"https:\/\/trusty-projet.fr\/jenile_website\/wp-json\/wp\/v2\/types\/product"}],"replies":[{"embeddable":true,"href":"https:\/\/trusty-projet.fr\/jenile_website\/wp-json\/wp\/v2\/comments?post=204"}],"wp:featuredmedia":[{"embeddable":true,"href":"https:\/\/trusty-projet.fr\/jenile_website\/wp-json\/wp\/v2\/media\/152"}],"wp:attachment":[{"href":"https:\/\/trusty-projet.fr\/jenile_website\/wp-json\/wp\/v2\/media?parent=204"}],"wp:term":[{"taxonomy":"product_brand","embeddable":true,"href":"https:\/\/trusty-projet.fr\/jenile_website\/wp-json\/wp\/v2\/product_brand?post=204"},{"taxonomy":"product_cat","embeddable":true,"href":"https:\/\/trusty-projet.fr\/jenile_website\/wp-json\/wp\/v2\/product_cat?post=204"},{"taxonomy":"product_tag","embeddable":true,"href":"https:\/\/trusty-projet.fr\/jenile_website\/wp-json\/wp\/v2\/product_tag?post=204"}],"curies":[{"name":"wp","href":"https:\/\/api.w.org\/{rel}","templated":true}]}}