{"id":195,"date":"2026-02-10T09:08:30","date_gmt":"2026-02-10T08:08:30","guid":{"rendered":"https:\/\/trusty-projet.fr\/jenile_website\/?post_type=product&#038;p=195"},"modified":"2026-03-23T09:55:20","modified_gmt":"2026-03-23T08:55:20","slug":"cube-flash","status":"publish","type":"product","link":"https:\/\/trusty-projet.fr\/jenile_website\/produit\/cube-flash\/","title":{"rendered":"Cube Flash"},"content":{"rendered":"<div class=\"product__description\">\n<p>Le cube lumineux est un produit \u00e0 poser, sur le bureau par exemple.<\/p>\n<p>Ce cube centralise tous les types d\u2019alarmes diff\u00e9rents avec un code couleur associ\u00e9 \u00e0 chaque type. Vous pouvez connecter jusqu&rsquo;\u00e0 20 \u00e9metteurs diff\u00e9rents.<\/p>\n<p>Petit et design, il ne prend pas de place et s\u2019av\u00e8re particuli\u00e8rement pratique.<\/p>\n<p>Il est possible de r\u00e9gler la dur\u00e9e de diffusion de lumi\u00e8re afin de garantir le plus grand confort \u00e0 vous comme \u00e0 votre entourage &#8230; .<\/p>\n<p>Petit et design, il ne prend pas de place et s\u2019av\u00e8re particuli\u00e8rement pratique.<\/p>\n<p>Choisissez l&rsquo;\u00e9metteur dont vous avez besoin pour faire fonctionner votre cube.<\/p>\n<\/div>\n","protected":false},"excerpt":{"rendered":"<p>Le cube lumineux est un produit \u00e0 poser, sur le bureau par exemple.<\/p>\n<p>Ce cube centralise tous les types d\u2019alarmes diff\u00e9rents avec un code couleur associ\u00e9 \u00e0 chaque type. Vous pouvez connecter jusqu&rsquo;\u00e0 20 \u00e9metteurs diff\u00e9rents.<\/p>\n<p>Petit et design, il ne prend pas de place et s\u2019av\u00e8re particuli\u00e8rement pratique.<\/p>\n<p>Il est possible de r\u00e9gler la dur\u00e9e de diffusion de lumi\u00e8re afin de garantir le plus grand confort \u00e0 vous comme \u00e0 votre entourage &#8230; .<\/p>\n<p>Petit et design, il ne prend pas de place et s\u2019av\u00e8re particuli\u00e8rement pratique.<\/p>\n<p>Choisissez l&rsquo;\u00e9metteur dont vous avez besoin pour faire fonctionner votre cube.<\/p>\n","protected":false},"featured_media":131,"comment_status":"open","ping_status":"closed","template":"","meta":[],"product_brand":[],"product_cat":[22,16],"product_tag":[],"class_list":{"0":"post-195","1":"product","2":"type-product","3":"status-publish","4":"has-post-thumbnail","6":"product_cat-avertisseurs","7":"product_cat-tous","9":"first","10":"instock","11":"taxable","12":"shipping-taxable","13":"purchasable","14":"product-type-simple"},"_links":{"self":[{"href":"https:\/\/trusty-projet.fr\/jenile_website\/wp-json\/wp\/v2\/product\/195","targetHints":{"allow":["GET"]}}],"collection":[{"href":"https:\/\/trusty-projet.fr\/jenile_website\/wp-json\/wp\/v2\/product"}],"about":[{"href":"https:\/\/trusty-projet.fr\/jenile_website\/wp-json\/wp\/v2\/types\/product"}],"replies":[{"embeddable":true,"href":"https:\/\/trusty-projet.fr\/jenile_website\/wp-json\/wp\/v2\/comments?post=195"}],"wp:featuredmedia":[{"embeddable":true,"href":"https:\/\/trusty-projet.fr\/jenile_website\/wp-json\/wp\/v2\/media\/131"}],"wp:attachment":[{"href":"https:\/\/trusty-projet.fr\/jenile_website\/wp-json\/wp\/v2\/media?parent=195"}],"wp:term":[{"taxonomy":"product_brand","embeddable":true,"href":"https:\/\/trusty-projet.fr\/jenile_website\/wp-json\/wp\/v2\/product_brand?post=195"},{"taxonomy":"product_cat","embeddable":true,"href":"https:\/\/trusty-projet.fr\/jenile_website\/wp-json\/wp\/v2\/product_cat?post=195"},{"taxonomy":"product_tag","embeddable":true,"href":"https:\/\/trusty-projet.fr\/jenile_website\/wp-json\/wp\/v2\/product_tag?post=195"}],"curies":[{"name":"wp","href":"https:\/\/api.w.org\/{rel}","templated":true}]}}