{"id":192,"date":"2026-02-10T09:02:57","date_gmt":"2026-02-10T08:02:57","guid":{"rendered":"https:\/\/trusty-projet.fr\/jenile_website\/?post_type=product&#038;p=192"},"modified":"2026-02-19T23:31:02","modified_gmt":"2026-02-19T22:31:02","slug":"camera-surveillance-bebe","status":"publish","type":"product","link":"https:\/\/trusty-projet.fr\/jenile_website\/produit\/camera-surveillance-bebe\/","title":{"rendered":"Cam\u00e9ra surveillance b\u00e9b\u00e9"},"content":{"rendered":"<p>La cam\u00e9ra de surveillance b\u00e9b\u00e9 connect\u00e9e (BBC24) est une solution pratique et novatrice pour assurer la s\u00e9curit\u00e9 de votre nouveau-n\u00e9. Sp\u00e9cialement con\u00e7ue pour les personnes sourdes et malentendantes, ce dispositif se compose d&rsquo;une cam\u00e9ra de surveillance et d&rsquo;un \u00e9cran mobile. L&rsquo;\u00e9cran dispose un \u00e9metteur reli\u00e9 aux r\u00e9cepteurs flashs et vibrants de Jenile. Lorsque le b\u00e9b\u00e9 pleure, l&rsquo;\u00e9cran s&rsquo;illumine et envoie un signal aux r\u00e9cepteurs Jenile, qui se mettent \u00e0 flasher et\/ou vibrer.<\/p>\n","protected":false},"excerpt":{"rendered":"<p>La cam\u00e9ra de surveillance b\u00e9b\u00e9 connect\u00e9e (BBC24) est une solution pratique et novatrice pour assurer la s\u00e9curit\u00e9 de votre nouveau-n\u00e9. Sp\u00e9cialement con\u00e7ue pour les personnes sourdes et malentendantes, ce dispositif se compose d&rsquo;une cam\u00e9ra de surveillance et d&rsquo;un \u00e9cran mobile. L&rsquo;\u00e9cran dispose un \u00e9metteur reli\u00e9 aux r\u00e9cepteurs flashs et vibrants de Jenile. Lorsque le b\u00e9b\u00e9 pleure, l&rsquo;\u00e9cran s&rsquo;illumine et envoie un signal aux r\u00e9cepteurs Jenile, qui se mettent \u00e0 flasher et\/ou vibrer.<\/p>\n","protected":false},"featured_media":153,"comment_status":"open","ping_status":"closed","template":"","meta":[],"product_brand":[],"product_cat":[24,16],"product_tag":[],"class_list":{"0":"post-192","1":"product","2":"type-product","3":"status-publish","4":"has-post-thumbnail","6":"product_cat-surveillance-bebe","7":"product_cat-tous","9":"first","10":"instock","11":"taxable","12":"shipping-taxable","13":"purchasable","14":"product-type-simple"},"_links":{"self":[{"href":"https:\/\/trusty-projet.fr\/jenile_website\/wp-json\/wp\/v2\/product\/192","targetHints":{"allow":["GET"]}}],"collection":[{"href":"https:\/\/trusty-projet.fr\/jenile_website\/wp-json\/wp\/v2\/product"}],"about":[{"href":"https:\/\/trusty-projet.fr\/jenile_website\/wp-json\/wp\/v2\/types\/product"}],"replies":[{"embeddable":true,"href":"https:\/\/trusty-projet.fr\/jenile_website\/wp-json\/wp\/v2\/comments?post=192"}],"wp:featuredmedia":[{"embeddable":true,"href":"https:\/\/trusty-projet.fr\/jenile_website\/wp-json\/wp\/v2\/media\/153"}],"wp:attachment":[{"href":"https:\/\/trusty-projet.fr\/jenile_website\/wp-json\/wp\/v2\/media?parent=192"}],"wp:term":[{"taxonomy":"product_brand","embeddable":true,"href":"https:\/\/trusty-projet.fr\/jenile_website\/wp-json\/wp\/v2\/product_brand?post=192"},{"taxonomy":"product_cat","embeddable":true,"href":"https:\/\/trusty-projet.fr\/jenile_website\/wp-json\/wp\/v2\/product_cat?post=192"},{"taxonomy":"product_tag","embeddable":true,"href":"https:\/\/trusty-projet.fr\/jenile_website\/wp-json\/wp\/v2\/product_tag?post=192"}],"curies":[{"name":"wp","href":"https:\/\/api.w.org\/{rel}","templated":true}]}}