{"id":189,"date":"2026-02-10T08:48:40","date_gmt":"2026-02-10T07:48:40","guid":{"rendered":"https:\/\/trusty-projet.fr\/jenile_website\/?post_type=product&#038;p=189"},"modified":"2026-03-23T09:35:32","modified_gmt":"2026-03-23T08:35:32","slug":"bouton-appel-personne","status":"publish","type":"product","link":"https:\/\/trusty-projet.fr\/jenile_website\/produit\/bouton-appel-personne\/","title":{"rendered":"Bouton d&rsquo;appel de personne"},"content":{"rendered":"<p>Le bouton d\u2019appel de personne permet d\u2019avertir une personne. Par une simple action du bouton, l\u2019alerte est transmise via les avertisseurs Jenile afin de pr\u00e9venir la personne qui en est \u00e9quip\u00e9e.<\/p>\n","protected":false},"excerpt":{"rendered":"<p>Le bouton d\u2019appel de personne permet d\u2019avertir une personne. Par une simple action du bouton, l\u2019alerte est transmise via les avertisseurs Jenile afin de pr\u00e9venir la personne qui en est \u00e9quip\u00e9e.<\/p>\n","protected":false},"featured_media":113,"comment_status":"open","ping_status":"closed","template":"","meta":[],"product_brand":[],"product_cat":[16,20],"product_tag":[],"class_list":{"0":"post-189","1":"product","2":"type-product","3":"status-publish","4":"has-post-thumbnail","6":"product_cat-tous","7":"product_cat-vie-pratique","9":"first","10":"instock","11":"taxable","12":"shipping-taxable","13":"purchasable","14":"product-type-simple"},"_links":{"self":[{"href":"https:\/\/trusty-projet.fr\/jenile_website\/wp-json\/wp\/v2\/product\/189","targetHints":{"allow":["GET"]}}],"collection":[{"href":"https:\/\/trusty-projet.fr\/jenile_website\/wp-json\/wp\/v2\/product"}],"about":[{"href":"https:\/\/trusty-projet.fr\/jenile_website\/wp-json\/wp\/v2\/types\/product"}],"replies":[{"embeddable":true,"href":"https:\/\/trusty-projet.fr\/jenile_website\/wp-json\/wp\/v2\/comments?post=189"}],"wp:featuredmedia":[{"embeddable":true,"href":"https:\/\/trusty-projet.fr\/jenile_website\/wp-json\/wp\/v2\/media\/113"}],"wp:attachment":[{"href":"https:\/\/trusty-projet.fr\/jenile_website\/wp-json\/wp\/v2\/media?parent=189"}],"wp:term":[{"taxonomy":"product_brand","embeddable":true,"href":"https:\/\/trusty-projet.fr\/jenile_website\/wp-json\/wp\/v2\/product_brand?post=189"},{"taxonomy":"product_cat","embeddable":true,"href":"https:\/\/trusty-projet.fr\/jenile_website\/wp-json\/wp\/v2\/product_cat?post=189"},{"taxonomy":"product_tag","embeddable":true,"href":"https:\/\/trusty-projet.fr\/jenile_website\/wp-json\/wp\/v2\/product_tag?post=189"}],"curies":[{"name":"wp","href":"https:\/\/api.w.org\/{rel}","templated":true}]}}