{"id":451,"date":"2026-02-11T11:44:00","date_gmt":"2026-02-11T10:44:00","guid":{"rendered":"https:\/\/trusty-projet.fr\/jenile_website\/?page_id=451"},"modified":"2026-02-11T11:47:43","modified_gmt":"2026-02-11T10:47:43","slug":"mentions-legales","status":"publish","type":"page","link":"https:\/\/trusty-projet.fr\/jenile_website\/mentions-legales\/","title":{"rendered":"Mentions L\u00e9gales"},"content":{"rendered":"\t\t<div data-elementor-type=\"wp-page\" data-elementor-id=\"451\" class=\"elementor elementor-451\">\n\t\t\t\t<div class=\"elementor-element elementor-element-da41d9e e-flex e-con-boxed e-con e-parent\" data-id=\"da41d9e\" data-element_type=\"container\" data-e-type=\"container\">\n\t\t\t\t\t<div class=\"e-con-inner\">\n\t\t\t\t<div class=\"elementor-element elementor-element-fcfceb3 elementor-widget elementor-widget-text-editor\" data-id=\"fcfceb3\" data-element_type=\"widget\" data-e-type=\"widget\" data-widget_type=\"text-editor.default\">\n\t\t\t\t\t\t\t\t\t<p style=\"text-align: center;\"><em>En vigueur au 11\/02\/2026<\/em><\/p><p>\u00a0<\/p><p>Conform\u00e9ment aux dispositions de la loi n\u00b02004-575 du 21 juin 2004 pour la Confiance en l\u2019\u00e9conomie num\u00e9rique, il est port\u00e9 \u00e0 la connaissance des utilisateurs et visiteurs, ci-apr\u00e8s l&rsquo; \u00ab\u00a0Utilisateur\u00a0\u00bb, du site https:\/\/jenile.com , ci-apr\u00e8s le \u00ab\u00a0Site\u00a0\u00bb, les pr\u00e9sentes mentions l\u00e9gales.<\/p><p>La connexion et la navigation sur le Site par l\u2019Utilisateur implique acceptation int\u00e9grale et sans r\u00e9serve des pr\u00e9sentes mentions l\u00e9gales. Ces derni\u00e8res sont accessibles sur le Site \u00e0 la rubrique \u00ab\u00a0Mentions l\u00e9gales\u00a0\u00bb.<\/p><h4>EDITION DU SITE<\/h4><p>L&rsquo;\u00e9dition du Site est assur\u00e9e par la soci\u00e9t\u00e9 JENILE-INTERNATIONAL, SARL au capital de 1500 euros, immatricul\u00e9e au Registre du Commerce et des Soci\u00e9t\u00e9s de Champs-sur-marne sous le num\u00e9ro 803736875 dont le si\u00e8ge social est situ\u00e9 au 40 BOULEVARD DE NESLES, 77420 CHAMPS-SUR-MARNE.<\/p><ul><li><strong>Num\u00e9ro de t\u00e9l\u00e9phone :<\/strong> 07.69.79.40.30<\/li><li><strong>Adresse e-mail :<\/strong> contact@jenile.com<\/li><li><strong>N\u00b0 de TVA intracommunautaire :<\/strong> FR60803736875<\/li><li><strong>Directeur de la publication :<\/strong> Hassen CHAIEB<\/li><\/ul><p>ci-apr\u00e8s l'\u00a0\u00bbEditeur\u00a0\u00bb.<\/p><h4>HEBERGEUR<\/h4><p>L&rsquo;h\u00e9bergeur du Site est la soci\u00e9t\u00e9 OVH, dont le si\u00e8ge social est situ\u00e9 au 2, rue Kellermann 59100 Roubaix. Le num\u00e9ro de t\u00e9l\u00e9phone de l&rsquo;h\u00e9bergeur est le 1007.<\/p><h4>ACCES AU SITE<\/h4><p>Le Site est normalement accessible, \u00e0 tout moment, \u00e0 l&rsquo;Utilisateur. Toutefois, l&rsquo;Editeur pourra, \u00e0 tout moment, suspendre, limiter ou interrompre le Site afin de proc\u00e9der, notamment, \u00e0 des mises \u00e0 jour ou des modifications de son contenu. L&rsquo;Editeur ne pourra en aucun cas \u00eatre tenu responsable des cons\u00e9quences \u00e9ventuelles de cette indisponibilit\u00e9 sur les activit\u00e9s de l&rsquo;Utilisateur.<\/p><h4>COLLECTE DES DONNEES<\/h4><p>Le Site assure \u00e0 l&rsquo;Utilisateur une collecte et un traitement des donn\u00e9es personnelles dans le respect de la vie priv\u00e9e conform\u00e9ment \u00e0 la loi n\u00b078-17 du 6 janvier 1978 relative \u00e0 l&rsquo;informatique, aux fichiers, aux libert\u00e9s et dans le respect de la r\u00e8glementation applicable en mati\u00e8re de traitement des donn\u00e9es \u00e0 caract\u00e8re personnel conform\u00e9ment au r\u00e8glement (UE) 2016\/679 du Parlement europ\u00e9en et du Conseil du 27 avril 2016 (ci-apr\u00e8s, ensemble, la \u00ab\u00a0R\u00e8glementation applicable en mati\u00e8re de protection des Donn\u00e9es \u00e0 caract\u00e8re personnel\u00a0\u00bb).<\/p><p>En vertu de la R\u00e8glementation applicable en mati\u00e8re de protection des Donn\u00e9es \u00e0 caract\u00e8re personnel, l&rsquo;Utilisateur dispose d&rsquo;un droit d&rsquo;acc\u00e8s, de rectification, de suppression et d&rsquo;opposition de ses donn\u00e9es personnelles. L&rsquo;Utilisateur peut exercer ce droit par mail \u00e0 l&rsquo;adresse email : contact@jenile.com.<\/p><h4>PROPRI\u00c9T\u00c9 INTELLECTUELLE<\/h4><p>Toute utilisation, reproduction, diffusion, commercialisation, modification de toute ou partie du Site, sans autorisation expresse de l\u2019Editeur est prohib\u00e9e et pourra entra\u00eener des actions et poursuites judiciaires telles que pr\u00e9vues par la r\u00e8glementation en vigueur.<\/p><h4>AUTRES INFORMATIONS<\/h4><ul><li>Pour plus d\u2019informations, se reporter aux CGU du site https:\/\/jenile.com accessibles depuis la rubrique \u00ab\u00a0CGU\u00a0\u00bb.<\/li><li>Pour plus d\u2019informations, se reporter aux CGV du site https:\/\/jenile.com accessibles depuis la rubrique \u00ab\u00a0CGV\u00a0\u00bb.<\/li><li>Pour plus d&rsquo;informations en mati\u00e8re de cookies, se reporter \u00e0 la Charte en mati\u00e8re de cookies du site https:\/\/jenile.com accessible \u00e0 la rubrique \u00ab\u00a0Cookies\u00a0\u00bb.<\/li><\/ul>\t\t\t\t\t\t\t\t<\/div>\n\t\t\t\t\t<\/div>\n\t\t\t\t<\/div>\n\t\t\t\t<\/div>\n\t\t","protected":false},"excerpt":{"rendered":"<p>En vigueur au 11\/02\/2026 \u00a0 Conform\u00e9ment aux dispositions de la loi n\u00b02004-575 du 21 juin 2004 pour la Confiance en l\u2019\u00e9conomie num\u00e9rique, il est port\u00e9 \u00e0 la connaissance des utilisateurs et visiteurs, ci-apr\u00e8s l&rsquo; \u00ab\u00a0Utilisateur\u00a0\u00bb, du site https:\/\/jenile.com , ci-apr\u00e8s le \u00ab\u00a0Site\u00a0\u00bb, les pr\u00e9sentes mentions l\u00e9gales. La connexion et la navigation sur le Site par [&hellip;]<\/p>\n","protected":false},"author":1,"featured_media":0,"parent":0,"menu_order":0,"comment_status":"closed","ping_status":"closed","template":"","meta":{"footnotes":""},"class_list":["post-451","page","type-page","status-publish","hentry"],"_links":{"self":[{"href":"https:\/\/trusty-projet.fr\/jenile_website\/wp-json\/wp\/v2\/pages\/451","targetHints":{"allow":["GET"]}}],"collection":[{"href":"https:\/\/trusty-projet.fr\/jenile_website\/wp-json\/wp\/v2\/pages"}],"about":[{"href":"https:\/\/trusty-projet.fr\/jenile_website\/wp-json\/wp\/v2\/types\/page"}],"author":[{"embeddable":true,"href":"https:\/\/trusty-projet.fr\/jenile_website\/wp-json\/wp\/v2\/users\/1"}],"replies":[{"embeddable":true,"href":"https:\/\/trusty-projet.fr\/jenile_website\/wp-json\/wp\/v2\/comments?post=451"}],"version-history":[{"count":7,"href":"https:\/\/trusty-projet.fr\/jenile_website\/wp-json\/wp\/v2\/pages\/451\/revisions"}],"predecessor-version":[{"id":458,"href":"https:\/\/trusty-projet.fr\/jenile_website\/wp-json\/wp\/v2\/pages\/451\/revisions\/458"}],"wp:attachment":[{"href":"https:\/\/trusty-projet.fr\/jenile_website\/wp-json\/wp\/v2\/media?parent=451"}],"curies":[{"name":"wp","href":"https:\/\/api.w.org\/{rel}","templated":true}]}}