{"id":403,"date":"2026-02-10T22:26:54","date_gmt":"2026-02-10T21:26:54","guid":{"rendered":"https:\/\/trusty-projet.fr\/jenile_website\/?page_id=403"},"modified":"2026-02-10T22:26:54","modified_gmt":"2026-02-10T21:26:54","slug":"mode-demploi-des-packs","status":"publish","type":"page","link":"https:\/\/trusty-projet.fr\/jenile_website\/mode-demploi-des-packs\/","title":{"rendered":"Mode d&#8217;emploi des Packs"},"content":{"rendered":"    <div class=\"jenile-docs-wrapper\">\n        \n        <div class=\"jenile-docs-search\">\n            <input type=\"text\" id=\"docSearch_9ba7a23f5bd5998c5bba55b1b7ef57c1\" onkeyup=\"filterDocs(this)\" placeholder=\"Rechercher...\">\n            <span class=\"search-icon\">\ud83d\udd0d<\/span>\n        <\/div>\n\n        <div class=\"jenile-docs-table-container\">\n            <table class=\"jenile-docs-table doc-table-target\" id=\"docsTable_9ba7a23f5bd5998c5bba55b1b7ef57c1\">\n                <thead>\n                    <tr>\n                        <th style=\"width: 80px;\">Image<\/th>\n                        <th style=\"width: 25%;\">Produit<\/th>\n                        <th style=\"width: 15%;\">R\u00e9f\u00e9rence<\/th>\n                        <th style=\"width: 30%;\">Mode d'emploi & Vid\u00e9o<\/th>\n                        <th style=\"width: 20%;\">Fiche Technique<\/th>\n                    <\/tr>\n                <\/thead>\n                <tbody>\n                                        <tr>\n                        <td class=\"col-img\" data-label=\"Aper\u00e7u\">\n                            <div class=\"doc-thumb-wrapper\">\n                                <img decoding=\"async\" src=\"https:\/\/trusty-projet.fr\/jenile_website\/wp-content\/uploads\/woocommerce-placeholder-300x300.webp\" alt=\"Cam\u00e9ra de surveillance b\u00e9b\u00e9 vibrante et connect\u00e9e\" loading=\"lazy\">\n                            <\/div>\n                        <\/td>\n                        <td class=\"col-name\" data-label=\"Produit\"><strong>Cam\u00e9ra de surveillance b\u00e9b\u00e9 vibrante et connect\u00e9e<\/strong><\/td>\n                        <td class=\"col-ref\" data-label=\"R\u00e9f\u00e9rence\"><span class=\"ref-badge\">BBC19<\/span><\/td>\n                        \n                        <td class=\"col-action col-mixed\" data-label=\"Mode d'emploi\">\n                            <div class=\"action-group\">\n                                \n                                \n                                 <span class=\"no-doc\">Indisponible<\/span>                             <\/div>\n                        <\/td>\n\n                        <td class=\"col-action\" data-label=\"Fiche Technique\">\n                                                            <span class=\"no-doc\">Indisponible<\/span>\n                                                    <\/td>\n                    <\/tr>\n                                        <tr>\n                        <td class=\"col-img\" data-label=\"Aper\u00e7u\">\n                            <div class=\"doc-thumb-wrapper\">\n                                <img decoding=\"async\" src=\"https:\/\/trusty-projet.fr\/jenile_website\/wp-content\/uploads\/woocommerce-placeholder-300x300.webp\" alt=\"Pack b\u00e9b\u00e9\" loading=\"lazy\">\n                            <\/div>\n                        <\/td>\n                        <td class=\"col-name\" data-label=\"Produit\"><strong>Pack b\u00e9b\u00e9<\/strong><\/td>\n                        <td class=\"col-ref\" data-label=\"R\u00e9f\u00e9rence\"><span class=\"ref-badge\">PackBB<\/span><\/td>\n                        \n                        <td class=\"col-action col-mixed\" data-label=\"Mode d'emploi\">\n                            <div class=\"action-group\">\n                                \n                                \n                                 <span class=\"no-doc\">Indisponible<\/span>                             <\/div>\n                        <\/td>\n\n                        <td class=\"col-action\" data-label=\"Fiche Technique\">\n                                                            <span class=\"no-doc\">Indisponible<\/span>\n                                                    <\/td>\n                    <\/tr>\n                                        <tr>\n                        <td class=\"col-img\" data-label=\"Aper\u00e7u\">\n                            <div class=\"doc-thumb-wrapper\">\n                                <img decoding=\"async\" src=\"https:\/\/trusty-projet.fr\/jenile_website\/wp-content\/uploads\/woocommerce-placeholder-300x300.webp\" alt=\"Pack Emirates\" loading=\"lazy\">\n                            <\/div>\n                        <\/td>\n                        <td class=\"col-name\" data-label=\"Produit\"><strong>Pack Emirates<\/strong><\/td>\n                        <td class=\"col-ref\" data-label=\"R\u00e9f\u00e9rence\"><span class=\"ref-badge\">-<\/span><\/td>\n                        \n                        <td class=\"col-action col-mixed\" data-label=\"Mode d'emploi\">\n                            <div class=\"action-group\">\n                                \n                                \n                                 <span class=\"no-doc\">Indisponible<\/span>                             <\/div>\n                        <\/td>\n\n                        <td class=\"col-action\" data-label=\"Fiche Technique\">\n                                                            <span class=\"no-doc\">Indisponible<\/span>\n                                                    <\/td>\n                    <\/tr>\n                                        <tr>\n                        <td class=\"col-img\" data-label=\"Aper\u00e7u\">\n                            <div class=\"doc-thumb-wrapper\">\n                                <img decoding=\"async\" src=\"https:\/\/trusty-projet.fr\/jenile_website\/wp-content\/uploads\/woocommerce-placeholder-300x300.webp\" alt=\"Pack Entreprise\" loading=\"lazy\">\n                            <\/div>\n                        <\/td>\n                        <td class=\"col-name\" data-label=\"Produit\"><strong>Pack Entreprise<\/strong><\/td>\n                        <td class=\"col-ref\" data-label=\"R\u00e9f\u00e9rence\"><span class=\"ref-badge\">PACKentrp<\/span><\/td>\n                        \n                        <td class=\"col-action col-mixed\" data-label=\"Mode d'emploi\">\n                            <div class=\"action-group\">\n                                \n                                \n                                 <span class=\"no-doc\">Indisponible<\/span>                             <\/div>\n                        <\/td>\n\n                        <td class=\"col-action\" data-label=\"Fiche Technique\">\n                                                            <span class=\"no-doc\">Indisponible<\/span>\n                                                    <\/td>\n                    <\/tr>\n                                        <tr>\n                        <td class=\"col-img\" data-label=\"Aper\u00e7u\">\n                            <div class=\"doc-thumb-wrapper\">\n                                <img decoding=\"async\" src=\"https:\/\/trusty-projet.fr\/jenile_website\/wp-content\/uploads\/woocommerce-placeholder-300x300.webp\" alt=\"Pack \u00c9tudiant\" loading=\"lazy\">\n                            <\/div>\n                        <\/td>\n                        <td class=\"col-name\" data-label=\"Produit\"><strong>Pack \u00c9tudiant<\/strong><\/td>\n                        <td class=\"col-ref\" data-label=\"R\u00e9f\u00e9rence\"><span class=\"ref-badge\">PackEtu<\/span><\/td>\n                        \n                        <td class=\"col-action col-mixed\" data-label=\"Mode d'emploi\">\n                            <div class=\"action-group\">\n                                \n                                \n                                 <span class=\"no-doc\">Indisponible<\/span>                             <\/div>\n                        <\/td>\n\n                        <td class=\"col-action\" data-label=\"Fiche Technique\">\n                                                            <span class=\"no-doc\">Indisponible<\/span>\n                                                    <\/td>\n                    <\/tr>\n                                        <tr>\n                        <td class=\"col-img\" data-label=\"Aper\u00e7u\">\n                            <div class=\"doc-thumb-wrapper\">\n                                <img decoding=\"async\" src=\"https:\/\/trusty-projet.fr\/jenile_website\/wp-content\/uploads\/woocommerce-placeholder-300x300.webp\" alt=\"Pack home\" loading=\"lazy\">\n                            <\/div>\n                        <\/td>\n                        <td class=\"col-name\" data-label=\"Produit\"><strong>Pack home<\/strong><\/td>\n                        <td class=\"col-ref\" data-label=\"R\u00e9f\u00e9rence\"><span class=\"ref-badge\">Pack Home<\/span><\/td>\n                        \n                        <td class=\"col-action col-mixed\" data-label=\"Mode d'emploi\">\n                            <div class=\"action-group\">\n                                \n                                \n                                 <span class=\"no-doc\">Indisponible<\/span>                             <\/div>\n                        <\/td>\n\n                        <td class=\"col-action\" data-label=\"Fiche Technique\">\n                                                            <span class=\"no-doc\">Indisponible<\/span>\n                                                    <\/td>\n                    <\/tr>\n                                        <tr>\n                        <td class=\"col-img\" data-label=\"Aper\u00e7u\">\n                            <div class=\"doc-thumb-wrapper\">\n                                <img decoding=\"async\" src=\"https:\/\/trusty-projet.fr\/jenile_website\/wp-content\/uploads\/woocommerce-placeholder-300x300.webp\" alt=\"Pack H\u00f4pital\" loading=\"lazy\">\n                            <\/div>\n                        <\/td>\n                        <td class=\"col-name\" data-label=\"Produit\"><strong>Pack H\u00f4pital<\/strong><\/td>\n                        <td class=\"col-ref\" data-label=\"R\u00e9f\u00e9rence\"><span class=\"ref-badge\">Pack Hptl<\/span><\/td>\n                        \n                        <td class=\"col-action col-mixed\" data-label=\"Mode d'emploi\">\n                            <div class=\"action-group\">\n                                \n                                \n                                 <span class=\"no-doc\">Indisponible<\/span>                             <\/div>\n                        <\/td>\n\n                        <td class=\"col-action\" data-label=\"Fiche Technique\">\n                                                            <span class=\"no-doc\">Indisponible<\/span>\n                                                    <\/td>\n                    <\/tr>\n                                        <tr>\n                        <td class=\"col-img\" data-label=\"Aper\u00e7u\">\n                            <div class=\"doc-thumb-wrapper\">\n                                <img decoding=\"async\" src=\"https:\/\/trusty-projet.fr\/jenile_website\/wp-content\/uploads\/woocommerce-placeholder-300x300.webp\" alt=\"Pack H\u00f4tel\" loading=\"lazy\">\n                            <\/div>\n                        <\/td>\n                        <td class=\"col-name\" data-label=\"Produit\"><strong>Pack H\u00f4tel<\/strong><\/td>\n                        <td class=\"col-ref\" data-label=\"R\u00e9f\u00e9rence\"><span class=\"ref-badge\">Pack Htl<\/span><\/td>\n                        \n                        <td class=\"col-action col-mixed\" data-label=\"Mode d'emploi\">\n                            <div class=\"action-group\">\n                                \n                                \n                                 <span class=\"no-doc\">Indisponible<\/span>                             <\/div>\n                        <\/td>\n\n                        <td class=\"col-action\" data-label=\"Fiche Technique\">\n                                                            <span class=\"no-doc\">Indisponible<\/span>\n                                                    <\/td>\n                    <\/tr>\n                                        <tr>\n                        <td class=\"col-img\" data-label=\"Aper\u00e7u\">\n                            <div class=\"doc-thumb-wrapper\">\n                                <img decoding=\"async\" src=\"https:\/\/trusty-projet.fr\/jenile_website\/wp-content\/uploads\/woocommerce-placeholder-300x300.webp\" alt=\"Pack Maternit\u00e9\" loading=\"lazy\">\n                            <\/div>\n                        <\/td>\n                        <td class=\"col-name\" data-label=\"Produit\"><strong>Pack Maternit\u00e9<\/strong><\/td>\n                        <td class=\"col-ref\" data-label=\"R\u00e9f\u00e9rence\"><span class=\"ref-badge\">PackMat<\/span><\/td>\n                        \n                        <td class=\"col-action col-mixed\" data-label=\"Mode d'emploi\">\n                            <div class=\"action-group\">\n                                \n                                \n                                 <span class=\"no-doc\">Indisponible<\/span>                             <\/div>\n                        <\/td>\n\n                        <td class=\"col-action\" data-label=\"Fiche Technique\">\n                                                            <span class=\"no-doc\">Indisponible<\/span>\n                                                    <\/td>\n                    <\/tr>\n                                        <tr>\n                        <td class=\"col-img\" data-label=\"Aper\u00e7u\">\n                            <div class=\"doc-thumb-wrapper\">\n                                <img decoding=\"async\" src=\"https:\/\/trusty-projet.fr\/jenile_website\/wp-content\/uploads\/woocommerce-placeholder-300x300.webp\" alt=\"Pack phone alert\" loading=\"lazy\">\n                            <\/div>\n                        <\/td>\n                        <td class=\"col-name\" data-label=\"Produit\"><strong>Pack phone alert<\/strong><\/td>\n                        <td class=\"col-ref\" data-label=\"R\u00e9f\u00e9rence\"><span class=\"ref-badge\">PackPh<\/span><\/td>\n                        \n                        <td class=\"col-action col-mixed\" data-label=\"Mode d'emploi\">\n                            <div class=\"action-group\">\n                                \n                                \n                                 <span class=\"no-doc\">Indisponible<\/span>                             <\/div>\n                        <\/td>\n\n                        <td class=\"col-action\" data-label=\"Fiche Technique\">\n                                                            <span class=\"no-doc\">Indisponible<\/span>\n                                                    <\/td>\n                    <\/tr>\n                                        <tr>\n                        <td class=\"col-img\" data-label=\"Aper\u00e7u\">\n                            <div class=\"doc-thumb-wrapper\">\n                                <img decoding=\"async\" src=\"https:\/\/trusty-projet.fr\/jenile_website\/wp-content\/uploads\/woocommerce-placeholder-300x300.webp\" alt=\"Pack s\u00e9curit\u00e9\" loading=\"lazy\">\n                            <\/div>\n                        <\/td>\n                        <td class=\"col-name\" data-label=\"Produit\"><strong>Pack s\u00e9curit\u00e9<\/strong><\/td>\n                        <td class=\"col-ref\" data-label=\"R\u00e9f\u00e9rence\"><span class=\"ref-badge\">Pack secu<\/span><\/td>\n                        \n                        <td class=\"col-action col-mixed\" data-label=\"Mode d'emploi\">\n                            <div class=\"action-group\">\n                                \n                                \n                                 <span class=\"no-doc\">Indisponible<\/span>                             <\/div>\n                        <\/td>\n\n                        <td class=\"col-action\" data-label=\"Fiche Technique\">\n                                                            <span class=\"no-doc\">Indisponible<\/span>\n                                                    <\/td>\n                    <\/tr>\n                                        <tr>\n                        <td class=\"col-img\" data-label=\"Aper\u00e7u\">\n                            <div class=\"doc-thumb-wrapper\">\n                                <img decoding=\"async\" src=\"https:\/\/trusty-projet.fr\/jenile_website\/wp-content\/uploads\/woocommerce-placeholder-300x300.webp\" alt=\"Pack Sonnette\" loading=\"lazy\">\n                            <\/div>\n                        <\/td>\n                        <td class=\"col-name\" data-label=\"Produit\"><strong>Pack Sonnette<\/strong><\/td>\n                        <td class=\"col-ref\" data-label=\"R\u00e9f\u00e9rence\"><span class=\"ref-badge\">PackDrBL<\/span><\/td>\n                        \n                        <td class=\"col-action col-mixed\" data-label=\"Mode d'emploi\">\n                            <div class=\"action-group\">\n                                \n                                \n                                 <span class=\"no-doc\">Indisponible<\/span>                             <\/div>\n                        <\/td>\n\n                        <td class=\"col-action\" data-label=\"Fiche Technique\">\n                                                            <span class=\"no-doc\">Indisponible<\/span>\n                                                    <\/td>\n                    <\/tr>\n                                    <\/tbody>\n            <\/table>\n        <\/div>\n        \n            <\/div>\n    \n","protected":false},"excerpt":{"rendered":"","protected":false},"author":1,"featured_media":0,"parent":0,"menu_order":0,"comment_status":"closed","ping_status":"closed","template":"","meta":{"footnotes":""},"class_list":["post-403","page","type-page","status-publish","hentry"],"_links":{"self":[{"href":"https:\/\/trusty-projet.fr\/jenile_website\/wp-json\/wp\/v2\/pages\/403","targetHints":{"allow":["GET"]}}],"collection":[{"href":"https:\/\/trusty-projet.fr\/jenile_website\/wp-json\/wp\/v2\/pages"}],"about":[{"href":"https:\/\/trusty-projet.fr\/jenile_website\/wp-json\/wp\/v2\/types\/page"}],"author":[{"embeddable":true,"href":"https:\/\/trusty-projet.fr\/jenile_website\/wp-json\/wp\/v2\/users\/1"}],"replies":[{"embeddable":true,"href":"https:\/\/trusty-projet.fr\/jenile_website\/wp-json\/wp\/v2\/comments?post=403"}],"version-history":[{"count":1,"href":"https:\/\/trusty-projet.fr\/jenile_website\/wp-json\/wp\/v2\/pages\/403\/revisions"}],"predecessor-version":[{"id":404,"href":"https:\/\/trusty-projet.fr\/jenile_website\/wp-json\/wp\/v2\/pages\/403\/revisions\/404"}],"wp:attachment":[{"href":"https:\/\/trusty-projet.fr\/jenile_website\/wp-json\/wp\/v2\/media?parent=403"}],"curies":[{"name":"wp","href":"https:\/\/api.w.org\/{rel}","templated":true}]}}