{"id":317,"date":"2026-02-10T20:54:37","date_gmt":"2026-02-10T19:54:37","guid":{"rendered":"https:\/\/trusty-projet.fr\/jenile_website\/?page_id=317"},"modified":"2026-02-10T20:54:37","modified_gmt":"2026-02-10T19:54:37","slug":"page-pro","status":"publish","type":"page","link":"https:\/\/trusty-projet.fr\/jenile_website\/page-pro\/","title":{"rendered":"Page pro"},"content":{"rendered":"    \n    <div class=\"pro-page-wrapper\">\n\n        <section class=\"pro-hero\">\n            <div class=\"pro-shape pro-shape-1\"><\/div>\n            <div class=\"pro-shape pro-shape-2\"><\/div>\n            <div class=\"pro-container pro-hero-content\">\n                <div class=\"pro-hero-text reveal-on-scroll\">\n                    <div class=\"pro-logo-badge\">JENILE <span>PRO<\/span><\/div>\n                    <h1>L'Accessibilit\u00e9 <br><span class=\"highlight\">Cl\u00e9s en main<\/span> pour votre \u00e9tablissement.<\/h1>\n                    <p>Mettez votre entreprise aux normes ERP et assurez la s\u00e9curit\u00e9 de tous vos visiteurs et collaborateurs sourds ou malentendants gr\u00e2ce \u00e0 nos Packs Pro tout-en-un.<\/p>\n                    <div class=\"pro-btn-group\">\n                        <a href=\"#pro-contact\" class=\"pro-btn pro-btn-primary\">Demander un Devis<\/a>\n                        <a href=\"#pro-packs\" class=\"pro-btn pro-btn-outline\">Voir les solutions<\/a>\n                    <\/div>\n                <\/div>\n                <div class=\"pro-hero-image reveal-on-scroll\">\n                    <img decoding=\"async\" src=\"https:\/\/images.unsplash.com\/photo-1497366216548-37526070297c?ixlib=rb-1.2.1&auto=format&fit=crop&w=800&q=80\" alt=\"Bureau accessible\">\n                <\/div>\n            <\/div>\n        <\/section>\n\n        <section class=\"pro-features\">\n            <div class=\"pro-container\">\n                <div class=\"pro-features-grid\">\n                    <div class=\"pro-feature-card reveal-on-scroll\">\n                        <div class=\"pro-icon-box\">\u2696\ufe0f<\/div>\n                        <h3>Conformit\u00e9 ERP<\/h3>\n                        <p>Nos solutions r\u00e9pondent aux obligations l\u00e9gales d'accessibilit\u00e9 pour les \u00c9tablissements Recevant du Public (ERP).<\/p>\n                    <\/div>\n                    <div class=\"pro-feature-card reveal-on-scroll\">\n                        <div class=\"pro-icon-box\">\u26a1<\/div>\n                        <h3>Installation Facile<\/h3>\n                        <p>Technologie sans fil \"Plug & Play\". Pas de travaux lourds, installation en quelques minutes dans vos locaux.<\/p>\n                    <\/div>\n                    <div class=\"pro-feature-card reveal-on-scroll\">\n                        <div class=\"pro-icon-box\">\ud83e\udd1d<\/div>\n                        <h3>Inclusion Totale<\/h3>\n                        <p>Garantissez l'autonomie et la s\u00e9curit\u00e9 de vos collaborateurs et clients en situation de handicap auditif.<\/p>\n                    <\/div>\n                <\/div>\n            <\/div>\n        <\/section>\n\n        <section id=\"pro-packs\" class=\"pro-packs-section\">\n            <div class=\"pro-container\">\n                <div class=\"pro-packs-header reveal-on-scroll\">\n                    <h2 class=\"pro-section-title\">Nos Packs Entreprises<\/h2>\n                    <p class=\"pro-section-subtitle\">Des solutions compl\u00e8tes pens\u00e9es pour des usages sp\u00e9cifiques. Choisissez le pack adapt\u00e9 \u00e0 votre activit\u00e9.<\/p>\n                <\/div>\n\n                <div class=\"pro-packs-grid\">\n                                                <div class=\"pro-pack-card reveal-on-scroll\">\n                                <div class=\"pro-pack-image\">\n                                    <a href=\"https:\/\/trusty-projet.fr\/jenile_website\/produit\/pack-maternite\/\">\n                                        <img fetchpriority=\"high\" decoding=\"async\" width=\"300\" height=\"300\" src=\"https:\/\/trusty-projet.fr\/jenile_website\/wp-content\/uploads\/2026\/02\/pack-maternite-300x300.png\" class=\"attachment-woocommerce_thumbnail size-woocommerce_thumbnail\" alt=\"Pack Maternit\u00e9\" srcset=\"https:\/\/trusty-projet.fr\/jenile_website\/wp-content\/uploads\/2026\/02\/pack-maternite-300x300.png 300w, https:\/\/trusty-projet.fr\/jenile_website\/wp-content\/uploads\/2026\/02\/pack-maternite-100x100.png 100w, https:\/\/trusty-projet.fr\/jenile_website\/wp-content\/uploads\/2026\/02\/pack-maternite-150x150.png 150w, https:\/\/trusty-projet.fr\/jenile_website\/wp-content\/uploads\/2026\/02\/pack-maternite.png 396w\" sizes=\"(max-width: 300px) 100vw, 300px\" \/>                                    <\/a>\n                                <\/div>\n                                <div class=\"pro-pack-content\">\n                                    <span class=\"pro-pack-tag\">Offre Pro<\/span>\n                                    <h3 class=\"pro-pack-title\">\n                                        <a href=\"https:\/\/trusty-projet.fr\/jenile_website\/produit\/pack-maternite\/\">Pack Maternit\u00e9<\/a>\n                                    <\/h3>\n                                    <div class=\"pro-pack-desc\">\n                                                                            <\/div>\n                                    <div class=\"pro-pack-footer\">\n                                        <span class=\"pro-price\"><span class=\"woocommerce-Price-amount amount\"><bdi>489,96&nbsp;<span class=\"woocommerce-Price-currencySymbol\">&euro;<\/span><\/bdi><\/span> HT<\/span>\n                                        <a href=\"https:\/\/trusty-projet.fr\/jenile_website\/produit\/pack-maternite\/\" class=\"pro-btn pro-btn-primary full-width\">Configurer<\/a>\n                                    <\/div>\n                                <\/div>\n                            <\/div>\n                                                        <div class=\"pro-pack-card reveal-on-scroll\">\n                                <div class=\"pro-pack-image\">\n                                    <a href=\"https:\/\/trusty-projet.fr\/jenile_website\/produit\/pack-hotel-senior\/\">\n                                        <img decoding=\"async\" width=\"300\" height=\"300\" src=\"https:\/\/trusty-projet.fr\/jenile_website\/wp-content\/uploads\/2026\/02\/ChatGPT-Image-22-janv.-2026-16_02_02-300x300.png\" class=\"attachment-woocommerce_thumbnail size-woocommerce_thumbnail\" alt=\"Pack H\u00f4tel \/ S\u00e9nior\" srcset=\"https:\/\/trusty-projet.fr\/jenile_website\/wp-content\/uploads\/2026\/02\/ChatGPT-Image-22-janv.-2026-16_02_02-300x300.png 300w, https:\/\/trusty-projet.fr\/jenile_website\/wp-content\/uploads\/2026\/02\/ChatGPT-Image-22-janv.-2026-16_02_02-100x100.png 100w, https:\/\/trusty-projet.fr\/jenile_website\/wp-content\/uploads\/2026\/02\/ChatGPT-Image-22-janv.-2026-16_02_02-600x600.png 600w, https:\/\/trusty-projet.fr\/jenile_website\/wp-content\/uploads\/2026\/02\/ChatGPT-Image-22-janv.-2026-16_02_02-150x150.png 150w, https:\/\/trusty-projet.fr\/jenile_website\/wp-content\/uploads\/2026\/02\/ChatGPT-Image-22-janv.-2026-16_02_02-768x768.png 768w, https:\/\/trusty-projet.fr\/jenile_website\/wp-content\/uploads\/2026\/02\/ChatGPT-Image-22-janv.-2026-16_02_02.png 1024w\" sizes=\"(max-width: 300px) 100vw, 300px\" \/>                                    <\/a>\n                                <\/div>\n                                <div class=\"pro-pack-content\">\n                                    <span class=\"pro-pack-tag\">Offre Pro<\/span>\n                                    <h3 class=\"pro-pack-title\">\n                                        <a href=\"https:\/\/trusty-projet.fr\/jenile_website\/produit\/pack-hotel-senior\/\">Pack H\u00f4tel \/ S\u00e9nior<\/a>\n                                    <\/h3>\n                                    <div class=\"pro-pack-desc\">\n                                        Pack pour \u00eatre averti des visites et se r\u00e9veiller par vibrations. Sonnette de porte mobile...                                    <\/div>\n                                    <div class=\"pro-pack-footer\">\n                                        <span class=\"pro-price\"><span class=\"woocommerce-Price-amount amount\"><bdi>449,99&nbsp;<span class=\"woocommerce-Price-currencySymbol\">&euro;<\/span><\/bdi><\/span> HT<\/span>\n                                        <a href=\"https:\/\/trusty-projet.fr\/jenile_website\/produit\/pack-hotel-senior\/\" class=\"pro-btn pro-btn-primary full-width\">Configurer<\/a>\n                                    <\/div>\n                                <\/div>\n                            <\/div>\n                                                        <div class=\"pro-pack-card reveal-on-scroll\">\n                                <div class=\"pro-pack-image\">\n                                    <a href=\"https:\/\/trusty-projet.fr\/jenile_website\/produit\/pack-hopital\/\">\n                                        <img decoding=\"async\" width=\"300\" height=\"300\" src=\"https:\/\/trusty-projet.fr\/jenile_website\/wp-content\/uploads\/2026\/02\/ChatGPT-Image-22-janv.-2026-16_21_36-300x300.png\" class=\"attachment-woocommerce_thumbnail size-woocommerce_thumbnail\" alt=\"Pack H\u00f4pital\" srcset=\"https:\/\/trusty-projet.fr\/jenile_website\/wp-content\/uploads\/2026\/02\/ChatGPT-Image-22-janv.-2026-16_21_36-300x300.png 300w, https:\/\/trusty-projet.fr\/jenile_website\/wp-content\/uploads\/2026\/02\/ChatGPT-Image-22-janv.-2026-16_21_36-100x100.png 100w, https:\/\/trusty-projet.fr\/jenile_website\/wp-content\/uploads\/2026\/02\/ChatGPT-Image-22-janv.-2026-16_21_36-600x600.png 600w, https:\/\/trusty-projet.fr\/jenile_website\/wp-content\/uploads\/2026\/02\/ChatGPT-Image-22-janv.-2026-16_21_36-150x150.png 150w, https:\/\/trusty-projet.fr\/jenile_website\/wp-content\/uploads\/2026\/02\/ChatGPT-Image-22-janv.-2026-16_21_36-768x768.png 768w, https:\/\/trusty-projet.fr\/jenile_website\/wp-content\/uploads\/2026\/02\/ChatGPT-Image-22-janv.-2026-16_21_36.png 1024w\" sizes=\"(max-width: 300px) 100vw, 300px\" \/>                                    <\/a>\n                                <\/div>\n                                <div class=\"pro-pack-content\">\n                                    <span class=\"pro-pack-tag\">Offre Pro<\/span>\n                                    <h3 class=\"pro-pack-title\">\n                                        <a href=\"https:\/\/trusty-projet.fr\/jenile_website\/produit\/pack-hopital\/\">Pack H\u00f4pital<\/a>\n                                    <\/h3>\n                                    <div class=\"pro-pack-desc\">\n                                        Pack d\u2019alerte pour pr\u00e9venir les patients par lumi\u00e8re et vibrations. Coussin vibrant : vibre sous...                                    <\/div>\n                                    <div class=\"pro-pack-footer\">\n                                        <span class=\"pro-price\"><span class=\"woocommerce-Price-amount amount\"><bdi>369,97&nbsp;<span class=\"woocommerce-Price-currencySymbol\">&euro;<\/span><\/bdi><\/span> HT<\/span>\n                                        <a href=\"https:\/\/trusty-projet.fr\/jenile_website\/produit\/pack-hopital\/\" class=\"pro-btn pro-btn-primary full-width\">Configurer<\/a>\n                                    <\/div>\n                                <\/div>\n                            <\/div>\n                                                        <div class=\"pro-pack-card reveal-on-scroll\">\n                                <div class=\"pro-pack-image\">\n                                    <a href=\"https:\/\/trusty-projet.fr\/jenile_website\/produit\/pack-home\/\">\n                                        <img loading=\"lazy\" decoding=\"async\" width=\"300\" height=\"300\" src=\"https:\/\/trusty-projet.fr\/jenile_website\/wp-content\/uploads\/2026\/02\/Pack-home-300x300.png\" class=\"attachment-woocommerce_thumbnail size-woocommerce_thumbnail\" alt=\"Pack home\" srcset=\"https:\/\/trusty-projet.fr\/jenile_website\/wp-content\/uploads\/2026\/02\/Pack-home-300x300.png 300w, https:\/\/trusty-projet.fr\/jenile_website\/wp-content\/uploads\/2026\/02\/Pack-home-100x100.png 100w, https:\/\/trusty-projet.fr\/jenile_website\/wp-content\/uploads\/2026\/02\/Pack-home-150x150.png 150w\" sizes=\"(max-width: 300px) 100vw, 300px\" \/>                                    <\/a>\n                                <\/div>\n                                <div class=\"pro-pack-content\">\n                                    <span class=\"pro-pack-tag\">Offre Pro<\/span>\n                                    <h3 class=\"pro-pack-title\">\n                                        <a href=\"https:\/\/trusty-projet.fr\/jenile_website\/produit\/pack-home\/\">Pack home<\/a>\n                                    <\/h3>\n                                    <div class=\"pro-pack-desc\">\n                                        Pack pour \u00eatre averti quand quelqu\u2019un sonne \u00e0 la porte, m\u00eame pendant le sommeil. Sonnette...                                    <\/div>\n                                    <div class=\"pro-pack-footer\">\n                                        <span class=\"pro-price\"><span class=\"woocommerce-Price-amount amount\"><bdi>500,96&nbsp;<span class=\"woocommerce-Price-currencySymbol\">&euro;<\/span><\/bdi><\/span> HT<\/span>\n                                        <a href=\"https:\/\/trusty-projet.fr\/jenile_website\/produit\/pack-home\/\" class=\"pro-btn pro-btn-primary full-width\">Configurer<\/a>\n                                    <\/div>\n                                <\/div>\n                            <\/div>\n                                            <\/div>\n            <\/div>\n        <\/section>\n\n        <section id=\"pro-contact\" class=\"pro-cta-section\">\n            <div class=\"pro-container reveal-on-scroll\">\n                <h2>Besoin d'une solution sur mesure ?<\/h2>\n                <p>Nos experts vous accompagnent pour d\u00e9finir l'\u00e9quipement adapt\u00e9 \u00e0 la configuration de vos locaux.<\/p>\n                <a href=\"https:\/\/trusty-projet.fr\/jenile_website\/contact\/\" class=\"pro-btn pro-btn-white\">Contacter le service Pro<\/a>\n            <\/div>\n        <\/section>\n\n    <\/div>\n\n    \n","protected":false},"excerpt":{"rendered":"","protected":false},"author":1,"featured_media":0,"parent":0,"menu_order":0,"comment_status":"closed","ping_status":"closed","template":"elementor_header_footer","meta":{"footnotes":""},"class_list":["post-317","page","type-page","status-publish","hentry"],"_links":{"self":[{"href":"https:\/\/trusty-projet.fr\/jenile_website\/wp-json\/wp\/v2\/pages\/317","targetHints":{"allow":["GET"]}}],"collection":[{"href":"https:\/\/trusty-projet.fr\/jenile_website\/wp-json\/wp\/v2\/pages"}],"about":[{"href":"https:\/\/trusty-projet.fr\/jenile_website\/wp-json\/wp\/v2\/types\/page"}],"author":[{"embeddable":true,"href":"https:\/\/trusty-projet.fr\/jenile_website\/wp-json\/wp\/v2\/users\/1"}],"replies":[{"embeddable":true,"href":"https:\/\/trusty-projet.fr\/jenile_website\/wp-json\/wp\/v2\/comments?post=317"}],"version-history":[{"count":1,"href":"https:\/\/trusty-projet.fr\/jenile_website\/wp-json\/wp\/v2\/pages\/317\/revisions"}],"predecessor-version":[{"id":318,"href":"https:\/\/trusty-projet.fr\/jenile_website\/wp-json\/wp\/v2\/pages\/317\/revisions\/318"}],"wp:attachment":[{"href":"https:\/\/trusty-projet.fr\/jenile_website\/wp-json\/wp\/v2\/media?parent=317"}],"curies":[{"name":"wp","href":"https:\/\/api.w.org\/{rel}","templated":true}]}}